{"id":260,"date":"2024-03-15T14:37:54","date_gmt":"2024-03-15T13:37:54","guid":{"rendered":"https:\/\/anotherpoint.pl\/agencja-reklamowa\/?page_id=260"},"modified":"2024-03-15T14:37:55","modified_gmt":"2024-03-15T13:37:55","slug":"agencja-reklamowa-opole","status":"publish","type":"page","link":"https:\/\/anotherpoint.pl\/agencja-reklamowa\/agencja-reklamowa-opole\/","title":{"rendered":"Agencja reklamowa Opole"},"content":{"rendered":"\n<section class=\"wp-block-stackable-columns alignfull stk-block-columns stk-block stk-3a20e10\" data-block-id=\"3a20e10\"><style>.stk-3a20e10:hover{padding-top:0px !important;padding-bottom:0px !important}.stk-3a20e10{margin-top:0px !important;margin-bottom:0px !important}<\/style><div class=\"stk-row stk-inner-blocks stk-block-content stk-content-align stk-3a20e10-column alignwide\">\n<div class=\"wp-block-stackable-column stk-block-column stk-column stk-block stk-e7436f9\" data-v=\"4\" data-block-id=\"e7436f9\"><style>.stk-e7436f9{overflow:hidden !important}<\/style><div class=\"stk-column-wrapper stk-block-column__content stk-container stk-e7436f9-container stk--no-background stk--no-padding\"><div class=\"stk-block-content stk-inner-blocks stk-e7436f9-inner-blocks\">\n<div class=\"wp-block-stackable-columns stk-block-columns stk-block stk-6253057\" data-block-id=\"6253057\"><style>.stk-6253057{margin-bottom:48px !important}.stk-6253057-column{--stk-column-gap:64px !important;row-gap:32px !important}<\/style><div class=\"stk-row stk-inner-blocks stk-block-content stk-content-align stk-6253057-column\">\n<div class=\"wp-block-stackable-column stk-block-column stk-column stk-block stk-7bd55db\" data-v=\"4\" data-block-id=\"7bd55db\"><style>.stk-7bd55db-container{margin-top:0px !important;margin-right:0px !important;margin-bottom:0px !important;margin-left:0px !important;display:flex !important}.stk-7bd55db-inner-blocks{justify-content:center !important}@media screen and (min-width:690px) and (max-width:999px){.stk-7bd55db{flex:0 1 calc(100% - var(--stk-column-gap,0px) * 0 \/ 1 ) !important}}<\/style><div class=\"stk-column-wrapper stk-block-column__content stk-container stk-7bd55db-container stk--no-background stk--no-padding\"><div class=\"stk-block-content stk-inner-blocks stk-7bd55db-inner-blocks\">\n<div class=\"wp-block-stackable-heading stk-block-heading stk-block-heading--v2 stk-block stk-d53531f\" id=\"strong-agencja-reklamowa-opole-strong\" data-block-id=\"d53531f\"><h1 class=\"stk-block-heading__text\"><strong>Agencja reklamowa Opole<\/strong><\/h1><\/div>\n\n\n\n<p>Jeste\u015bmy zespo\u0142em do\u015bwiadczonych specjalist\u00f3w, kt\u00f3rzy z pasj\u0105 i determinacj\u0105 anga\u017cuj\u0105 si\u0119 w rozw\u00f3j dynamicznych marek, pomagaj\u0105c im wytyczy\u0107 swoj\u0105 unikaln\u0105 \u015bcie\u017ck\u0119 na rynku. W sercu malowniczego miasta Opola, otoczone zabytkowymi kamienicami, nasza agencja reklamowa zach\u0119ca wszystkich do wsp\u00f3\u0142pracy.<\/p>\n\n\n\n<p>Od chwili naszego powstania 13 lat temu, nasza agencja reklamowa i kreatywna przekszta\u0142ca\u0142a r\u00f3\u017cnorodno\u015b\u0107 energii, indywidualnych charakter\u00f3w i bogate do\u015bwiadczenie w skuteczne, innowacyjne strategie marketingowe. Te lata pracy pozwoli\u0142y nam naby\u0107 cenne do\u015bwiadczenie, kt\u00f3re wykorzystujemy w ka\u017cdym nowym projekcie. Z dum\u0105 patrzymy na ponad 220 zrealizowanych projekt\u00f3w, kt\u00f3re przynios\u0142y nam nie tylko 5 bran\u017cowych nagr\u00f3d, ale przede wszystkim uznanie na rynku i zaufanie naszych klient\u00f3w.<\/p>\n\n\n\n<p>Nasza filozofia pracy opiera si\u0119 na kompleksowej obs\u0142udze \u2013 od pierwszego szkicu, poprzez tworzenie koncepcji, a\u017c po finaln\u0105 realizacj\u0119. Dzi\u0119ki temu tworzymy sp\u00f3jne, przemy\u015blane kampanie dla marek z najr\u00f3\u017cniejszych bran\u017c &#8211; od deweloperskiej, przez budowlan\u0105, a\u017c po FMCG, zar\u00f3wno dla segmentu B2B, jak i B2C.<\/p>\n\n\n\n<div class=\"wp-block-stackable-button-group stk-block-button-group stk-block stk-2fc7b68\" data-block-id=\"2fc7b68\"><style>.stk-2fc7b68{margin-top:32px !important;margin-bottom:32px !important}.stk-2fc7b68 .stk-inner-blocks{column-gap:8px !important}.stk-2fc7b68 .stk-block-button,.stk-2fc7b68 .stk-block-icon-button{flex:1 !important}.stk-2fc7b68,.stk-2fc7b68 .stk-block-icon-button .stk-button{width:100% !important}<\/style><div class=\"stk-row stk-inner-blocks has-text-align-center-tablet stk-block-content stk-button-group\">\n<div class=\"wp-block-stackable-button stk-block-button stk-block stk-7da1a9b\" data-block-id=\"7da1a9b\"><style>.stk-7da1a9b .stk-button{padding-top:12px !important;padding-right:32px !important;padding-bottom:12px !important;padding-left:32px !important;background:var(--theme-palette-color-4,#161615) !important;border-top-left-radius:16px !important;border-top-right-radius:16px !important;border-bottom-right-radius:16px !important;border-bottom-left-radius:16px !important}.stk-7da1a9b .stk-button:hover:after{background:var(--theme-palette-color-2,#feb04f) !important;opacity:1 !important}<\/style><a class=\"stk-link stk-button stk--hover-effect-darken\" href=\"tel:+48666747744\"><span class=\"stk-button__inner-text\">ZADZWO\u0143<\/span><\/a><\/div>\n\n\n\n<div class=\"wp-block-stackable-button stk-block-button is-style-ghost stk-block stk-1080be5\" data-block-id=\"1080be5\"><style>.stk-1080be5 .stk-button{padding-top:12px !important;padding-right:32px !important;padding-bottom:12px !important;padding-left:32px !important;background:transparent !important;border-top-left-radius:16px !important;border-top-right-radius:16px !important;border-bottom-right-radius:16px !important;border-bottom-left-radius:16px !important}.stk-1080be5 .stk-button:hover:after{background:transparent !important;opacity:1 !important}:where(.stk-hover-parent:hover,.stk-hover-parent.stk--is-hovered) .stk-1080be5 .stk-button:after{background:transparent !important;opacity:1 !important}.stk-1080be5 .stk-button:before{border-style:solid !important;border-color:var(--theme-palette-color-4,#161615) !important;border-top-width:4px !important;border-right-width:4px !important;border-bottom-width:4px !important;border-left-width:4px !important}.stk-1080be5 .stk-button:hover:before{border-color:var(--theme-palette-color-2,#feb04f) !important;border-top-width:4px !important;border-right-width:4px !important;border-bottom-width:4px !important;border-left-width:4px !important}.stk-1080be5 .stk-button__inner-text{color:var(--theme-palette-color-4,#161615) !important;font-weight:900 !important;text-transform:uppercase !important;font-style:normal !important}.stk-1080be5 .stk-button:hover .stk-button__inner-text{color:var(--theme-palette-color-2,#feb04f) !important}<\/style><a class=\"stk-link stk-button stk--hover-effect-darken\" href=\"mailto:hello@anotherpoint.pl\"><span class=\"has-text-color stk-button__inner-text\">NAPISZ<\/span><\/a><\/div>\n<\/div><\/div>\n\n\n\n<div class=\"wp-block-stackable-icon-list stk-block-icon-list stk-block stk-fe50c48\" data-block-id=\"fe50c48\"><style>.stk-fe50c48{padding-top:16px !important;padding-right:16px !important;padding-bottom:16px !important;padding-left:16px !important;column-count:3 !important}.stk-fe50c48 ul li{list-style-image:url('data:image\/svg+xml;base64,PHN2ZyB4bWxucz0iaHR0cDovL3d3dy53My5vcmcvMjAwMC9zdmciIHZpZXdCb3g9IjAgMCA1MTIgNTEyIiBzdHlsZT0iZmlsbDogIzAwMCAhaW1wb3J0YW50OyBjb2xvcjogIzAwMCAhaW1wb3J0YW50O3RyYW5zZm9ybTogcm90YXRlKGRlZykgIWltcG9ydGFudDsiPjxwYXRoIGQ9Ik0yNTYgNTEyQTI1NiAyNTYgMCAxIDAgMjU2IDBhMjU2IDI1NiAwIDEgMCAwIDUxMnpNMzY5IDIwOUwyNDEgMzM3Yy05LjQgOS40LTI0LjYgOS40LTMzLjkgMGwtNjQtNjRjLTkuNC05LjQtOS40LTI0LjYgMC0zMy45czI0LjYtOS40IDMzLjkgMGw0NyA0N0wzMzUgMTc1YzkuNC05LjQgMjQuNi05LjQgMzMuOSAwczkuNCAyNC42IDAgMzMuOXoiIGZpbGw9IiMwMDAiIHN0cm9rZT0iIzAwMCIgc3R5bGU9ImZpbGw6IHJnYigwLCAwLCAwKTsgc3Ryb2tlOiByZ2IoMCwgMCwgMCk7Ii8+PC9zdmc+') !important}.stk-fe50c48 li::marker{font-size:2em !important}<\/style><ul><li>13 lat do\u015bwiadczenia na rynku reklamy, kt\u00f3re pozwala nam z sukcesem realizowa\u0107 nawet najbardziej wymagaj\u0105ce projekty,<\/li><li>Ponad 220 zrealizowanych projekt\u00f3w, s\u0105 dowodem naszej efektywno\u015bci i kreatywno\u015bci,<\/li><li>5 bran\u017cowych nagr\u00f3d, kt\u00f3re stanowi\u0105 potwierdzenie najwy\u017cszej jako\u015bci naszych us\u0142ug.<\/li><\/ul><\/div>\n<\/div><\/div><\/div>\n\n\n\n<div class=\"wp-block-stackable-column stk-block-column stk-column stk-block stk-0eaf4ae\" data-v=\"4\" data-block-id=\"0eaf4ae\"><style>.stk-0eaf4ae-container{margin-top:0px !important;margin-right:0px !important;margin-bottom:0px !important;margin-left:0px !important}@media screen and (min-width:690px) and (max-width:999px){.stk-0eaf4ae{flex:0 1 calc(100% - var(--stk-column-gap,0px) * 0 \/ 1 ) !important}}<\/style><div class=\"stk-column-wrapper stk-block-column__content stk-container stk-0eaf4ae-container stk--no-background stk--no-padding\"><div class=\"stk-block-content stk-inner-blocks stk-0eaf4ae-inner-blocks\">\n<div class=\"wp-block-stackable-image stk-block-image stk-block stk-1cb9e43\" data-block-id=\"1cb9e43\"><style>.stk-1cb9e43 .stk-img-wrapper{height:100% !important}.stk-1cb9e43 .stk-img-wrapper img{border-radius:16px !important}<\/style><figure><span class=\"stk-img-wrapper stk-image--shape-stretch\"><img loading=\"lazy\" decoding=\"async\" class=\"stk-img wp-image-263\" src=\"https:\/\/anotherpoint.pl\/agencja-reklamowa\/wp-content\/uploads\/2024\/03\/Agencja-reklamowa-Opole.webp\" width=\"1275\" height=\"1920\" alt=\"anotherpoint.pl - agencja reklamowa\" srcset=\"https:\/\/anotherpoint.pl\/agencja-reklamowa\/wp-content\/uploads\/2024\/03\/Agencja-reklamowa-Opole.webp 1275w, https:\/\/anotherpoint.pl\/agencja-reklamowa\/wp-content\/uploads\/2024\/03\/Agencja-reklamowa-Opole-199x300.webp 199w, https:\/\/anotherpoint.pl\/agencja-reklamowa\/wp-content\/uploads\/2024\/03\/Agencja-reklamowa-Opole-680x1024.webp 680w, https:\/\/anotherpoint.pl\/agencja-reklamowa\/wp-content\/uploads\/2024\/03\/Agencja-reklamowa-Opole-768x1157.webp 768w, https:\/\/anotherpoint.pl\/agencja-reklamowa\/wp-content\/uploads\/2024\/03\/Agencja-reklamowa-Opole-1020x1536.webp 1020w\" sizes=\"auto, (max-width: 1275px) 100vw, 1275px\" \/><\/span><\/figure><\/div>\n<\/div><\/div><\/div>\n<\/div><\/div>\n<\/div><\/div><\/div>\n<\/div><\/section>\n\n\n\n<div class=\"wp-block-stackable-columns alignfull stk-block-columns stk-block stk-f773d0a\" data-block-id=\"f773d0a\"><div class=\"stk-row stk-inner-blocks stk-block-content stk-content-align stk-f773d0a-column alignwide\">\n<div class=\"wp-block-stackable-column stk-block-column stk-column stk-block stk-94dce38\" data-v=\"4\" data-block-id=\"94dce38\"><div class=\"stk-column-wrapper stk-block-column__content stk-container stk-94dce38-container stk--no-background stk--no-padding\"><div class=\"stk-block-content stk-inner-blocks stk-94dce38-inner-blocks\">\n<div class=\"wp-block-stackable-heading stk-block-heading stk-block-heading--v2 stk-block stk-bbe4e03\" id=\"agencja-kreatywna-strong-opole-strong\" data-block-id=\"bbe4e03\"><h2 class=\"stk-block-heading__text\">Agencja kreatywna <strong>Opole<\/strong><\/h2><\/div>\n\n\n\n<p>W naszej agencji kreatywnej wierzymy, \u017ce ka\u017cda marka ma sw\u00f3j unikalny g\u0142os, kt\u00f3ry zas\u0142uguje na bycie us\u0142yszanym. Nasze podej\u015bcie do reklamy \u0142\u0105czy innowacyjno\u015b\u0107 z kreatywno\u015bci\u0105, tworz\u0105c kampanie, kt\u00f3re nie tylko przyci\u0105gaj\u0105 uwag\u0119, ale tak\u017ce anga\u017cuj\u0105 odbiorc\u00f3w i buduj\u0105 z nimi trwa\u0142e relacje. Dzi\u0119ki naszej wszechstronnej ofercie \u2013 od projektowania graficznego, przez strategie marketingowe, a\u017c po realizacj\u0119 kampanii cyfrowych \u2013 jeste\u015bmy w stanie kompleksowo obs\u0142u\u017cy\u0107 ka\u017cd\u0105 mark\u0119, dopasowuj\u0105c nasze dzia\u0142ania do jej indywidualnych potrzeb i cel\u00f3w. Pracujemy z klientami na ka\u017cdym etapie procesu, pomagaj\u0105c im kszta\u0142towa\u0107 swoje wizerunki i osi\u0105ga\u0107 cele biznesowe.<\/p>\n\n\n\n<p>Another Point to nie tylko agencja reklamowa. Jeste\u015bmy partnerem w budowaniu silnych, dynamicznych marek, kt\u00f3re odnosz\u0105 sukcesy w dzisiejszym z\u0142o\u017conym \u015bwiecie marketingu. Nasza praca opiera si\u0119 na g\u0142\u0119bokim zrozumieniu rynku i indywidualnych potrzeb klienta, co pozwala nam tworzy\u0107 strategie, kt\u00f3re nie tylko dzia\u0142aj\u0105, ale r\u00f3wnie\u017c inspiruj\u0105. Je\u015bli szukasz agencji reklamowej w Opolu i w ca\u0142ej Polsce, kt\u00f3ra pomo\u017ce Twojej marce wznie\u015b\u0107 si\u0119 na wy\u017cyny, Another Point jest gotowa na to wyzwanie. Oferujemy kompleksow\u0105 obs\u0142ug\u0119 marek od A do Z, co gwarantuje sp\u00f3jno\u015b\u0107 i skuteczno\u015b\u0107 dzia\u0142a\u0144, dzi\u0119ki po\u0142\u0105czeniu kreatywno\u015bci z efektywno\u015bci\u0105 tworzymy kampanie, kt\u00f3re przynosz\u0105 realne efekty. Skontaktuj si\u0119 z nami, aby rozpocz\u0105\u0107 tworzenie niezapomnianej historii Twojej marki, kt\u00f3ra zostanie zapami\u0119tana przez lata.<\/p>\n<\/div><\/div><\/div>\n<\/div><\/div>\n\n\n\n<section class=\"wp-block-stackable-columns alignfull stk-block-columns stk-block stk-f28139e\" data-block-id=\"f28139e\"><style>.stk-f28139e{margin-top:32px !important;margin-bottom:32px !important;overflow:hidden !important;clear:both !important}<\/style><div class=\"stk-row stk-inner-blocks stk-block-content stk-content-align stk-f28139e-column alignwide\">\n<div class=\"wp-block-stackable-column stk-block-column stk-column stk-block stk-9cc580f\" data-v=\"4\" data-block-id=\"9cc580f\"><style>.stk-9cc580f{overflow:visible !important}.stk-9cc580f .stk-container{overflow:visible !important}<\/style><div class=\"stk-column-wrapper stk-block-column__content stk-container stk-9cc580f-container stk--no-background stk--no-padding\"><div class=\"stk-block-content stk-inner-blocks stk-9cc580f-inner-blocks\">\n<div class=\"wp-block-stackable-heading stk-block-heading stk-block-heading--v2 stk-block stk-720be85\" id=\"skrobnij\" data-block-id=\"720be85\"><h2 class=\"stk-block-heading__text\">SKROBNIJ&#8230;<\/h2><\/div>\n\n\n<style id=\"wpforms-css-vars-23-block-70276953-bda1-4284-b45a-2e29e047deb8\">\n\t\t\t\t#wpforms-23.wpforms-block-70276953-bda1-4284-b45a-2e29e047deb8 {\n\t\t\t\t--wpforms-field-background-color: var(--theme-palette-color-8, #ffffff);\n--wpforms-field-border-color: var(--theme-palette-color-2, #feb04f);\n--wpforms-field-border-color-spare: var(--theme-palette-color-2, #feb04f);\n--wpforms-field-text-color: var(--theme-palette-color-4, #161615);\n--wpforms-label-color: var(--theme-palette-color-4, #161615);\n--wpforms-label-sublabel-color: var(--theme-palette-color-4, #161615);\n--wpforms-button-border-radius: 16px;\n--wpforms-button-background-color: var(--theme-palette-color-2, #feb04f);\n--wpforms-field-size-input-height: 50px;\n--wpforms-field-size-input-spacing: 20px;\n--wpforms-field-size-font-size: 18px;\n--wpforms-field-size-line-height: 21px;\n--wpforms-field-size-padding-h: 14px;\n--wpforms-field-size-checkbox-size: 18px;\n--wpforms-field-size-sublabel-spacing: 10px;\n--wpforms-field-size-icon-size: 1.25;\n--wpforms-label-size-font-size: 18px;\n--wpforms-label-size-line-height: 21px;\n--wpforms-label-size-sublabel-font-size: 16px;\n--wpforms-label-size-sublabel-line-height: 19px;\n--wpforms-button-size-font-size: 20px;\n--wpforms-button-size-height: 48px;\n--wpforms-button-size-padding-h: 20px;\n--wpforms-button-size-margin-top: 15px;\n\t\t\t}\n\t\t\t<\/style><div class=\"wpforms-container wpforms-container-full wpforms-block wpforms-block-70276953-bda1-4284-b45a-2e29e047deb8 wpforms-render-modern\" id=\"wpforms-23\"><form id=\"wpforms-form-23\" class=\"wpforms-validate wpforms-form wpforms-ajax-form\" data-formid=\"23\" method=\"post\" enctype=\"multipart\/form-data\" action=\"\/agencja-reklamowa\/wp-json\/wp\/v2\/pages\/260\" data-token=\"0049997b07b7d5c55c34c8e20cc7920f\" data-token-time=\"1775739830\"><noscript class=\"wpforms-error-noscript\">Aby wype\u0142ni\u0107 ten formularz, w\u0142\u0105cz obs\u0142ug\u0119 JavaScript w przegl\u0105darce.<\/noscript><div id=\"wpforms-error-noscript\" style=\"display: none;\">Aby wype\u0142ni\u0107 ten formularz, w\u0142\u0105cz obs\u0142ug\u0119 JavaScript w przegl\u0105darce.<\/div><div class=\"wpforms-field-container\"><div id=\"wpforms-23-field_4-container\" class=\"wpforms-field wpforms-field-name wpforms-one-half wpforms-first\" data-field-id=\"4\"><label class=\"wpforms-field-label wpforms-label-hide\" for=\"wpforms-23-field_4\" aria-hidden=\"false\">Imi\u0119 i nazwisko <span class=\"wpforms-required-label\" aria-hidden=\"true\">*<\/span><\/label><input type=\"text\" id=\"wpforms-23-field_4\" class=\"wpforms-field-large wpforms-field-required\" name=\"wpforms[fields][4]\" placeholder=\"Imi\u0119 i nazwisko\" aria-errormessage=\"wpforms-23-field_4-error\" required><\/div><div id=\"wpforms-23-field_6-container\" class=\"wpforms-field wpforms-field-email wpforms-one-half\" data-field-id=\"6\"><label class=\"wpforms-field-label wpforms-label-hide\" for=\"wpforms-23-field_6\" aria-hidden=\"false\">Adres e-mail <span class=\"wpforms-required-label\" aria-hidden=\"true\">*<\/span><\/label><input type=\"email\" id=\"wpforms-23-field_6\" class=\"wpforms-field-large wpforms-field-required\" name=\"wpforms[fields][6]\" placeholder=\"Adres e-mail\" spellcheck=\"false\" aria-errormessage=\"wpforms-23-field_6-error\" required><\/div><div id=\"wpforms-23-field_2-container\" class=\"wpforms-field wpforms-field-textarea\" data-field-id=\"2\"><label class=\"wpforms-field-label wpforms-label-hide\" for=\"wpforms-23-field_2\" aria-hidden=\"false\">Wiadomo\u015b\u0107<\/label><textarea id=\"wpforms-23-field_2\" class=\"wpforms-field-medium\" name=\"wpforms[fields][2]\" placeholder=\"Trzy s\u0142\u00f3wka o Twoim projekcie\" aria-errormessage=\"wpforms-23-field_2-error\" ><\/textarea><\/div><\/div><!-- .wpforms-field-container --><div class=\"wpforms-submit-container\" ><input type=\"hidden\" name=\"wpforms[id]\" value=\"23\"><input type=\"hidden\" name=\"page_title\" value=\"\"><input type=\"hidden\" name=\"page_url\" value=\"https:\/\/anotherpoint.pl\/agencja-reklamowa\/wp-json\/wp\/v2\/pages\/260\"><input type=\"hidden\" name=\"url_referer\" value=\"\"><button type=\"submit\" name=\"wpforms[submit]\" id=\"wpforms-submit-23\" class=\"wpforms-submit\" data-alt-text=\"Wysy\u0142anie...\" data-submit-text=\"Prze\u015blij\" aria-live=\"assertive\" value=\"wpforms-submit\">Prze\u015blij<\/button><img loading=\"lazy\" decoding=\"async\" src=\"https:\/\/anotherpoint.pl\/agencja-reklamowa\/wp-content\/plugins\/wpforms-lite\/assets\/images\/submit-spin.svg\" class=\"wpforms-submit-spinner\" style=\"display: none;\" width=\"26\" height=\"26\" alt=\"Wczytywanie\"><\/div><\/form><\/div>  <!-- .wpforms-container --><\/div><\/div><\/div>\n\n\n\n<div class=\"wp-block-stackable-column stk-block-column stk-column stk-block stk-36578fe\" data-v=\"4\" data-block-id=\"36578fe\"><div class=\"stk-column-wrapper stk-block-column__content stk-container stk-36578fe-container stk--no-background stk--no-padding\"><div class=\"stk-block-content stk-inner-blocks stk-36578fe-inner-blocks\">\n<iframe src=\"https:\/\/www.google.com\/maps\/embed?pb=!1m18!1m12!1m3!1d161806.47748086086!2d17.741478711993153!3d50.67862595721359!2m3!1f0!2f0!3f0!3m2!1i1024!2i768!4f13.1!3m3!1m2!1s0x47105306456db34b%3A0x25c66487400c346e!2sOpole!5e0!3m2!1spl!2spl!4v1710509368602!5m2!1spl!2spl\" width=\"100%\" height=\"450\" style=\"border:0;\" allowfullscreen=\"\" loading=\"lazy\" referrerpolicy=\"no-referrer-when-downgrade\"><\/iframe>\n<\/div><\/div><\/div>\n<\/div><\/section>\n","protected":false},"excerpt":{"rendered":"<p>Agencja reklamowa Opole Jeste\u015bmy zespo\u0142em do\u015bwiadczonych specjalist\u00f3w, kt\u00f3rzy z pasj\u0105 i determinacj\u0105 anga\u017cuj\u0105 si\u0119 w rozw\u00f3j dynamicznych marek, pomagaj\u0105c im wytyczy\u0107 swoj\u0105 unikaln\u0105 \u015bcie\u017ck\u0119 na rynku. W sercu malowniczego miasta Opola, otoczone zabytkowymi kamienicami, nasza agencja reklamowa zach\u0119ca wszystkich do wsp\u00f3\u0142pracy. Od chwili naszego powstania 13 lat temu, nasza agencja reklamowa i kreatywna przekszta\u0142ca\u0142a r\u00f3\u017cnorodno\u015b\u0107 [&hellip;]<\/p>\n","protected":false},"author":1,"featured_media":0,"parent":0,"menu_order":0,"comment_status":"closed","ping_status":"closed","template":"","meta":{"footnotes":""},"class_list":["post-260","page","type-page","status-publish","hentry"],"blocksy_meta":{"has_hero_section":"disabled","styles_descriptor":{"styles":{"desktop":"","tablet":"","mobile":""},"google_fonts":[],"version":6}},"aioseo_notices":[],"_links":{"self":[{"href":"https:\/\/anotherpoint.pl\/agencja-reklamowa\/wp-json\/wp\/v2\/pages\/260","targetHints":{"allow":["GET"]}}],"collection":[{"href":"https:\/\/anotherpoint.pl\/agencja-reklamowa\/wp-json\/wp\/v2\/pages"}],"about":[{"href":"https:\/\/anotherpoint.pl\/agencja-reklamowa\/wp-json\/wp\/v2\/types\/page"}],"author":[{"embeddable":true,"href":"https:\/\/anotherpoint.pl\/agencja-reklamowa\/wp-json\/wp\/v2\/users\/1"}],"replies":[{"embeddable":true,"href":"https:\/\/anotherpoint.pl\/agencja-reklamowa\/wp-json\/wp\/v2\/comments?post=260"}],"version-history":[{"count":3,"href":"https:\/\/anotherpoint.pl\/agencja-reklamowa\/wp-json\/wp\/v2\/pages\/260\/revisions"}],"predecessor-version":[{"id":264,"href":"https:\/\/anotherpoint.pl\/agencja-reklamowa\/wp-json\/wp\/v2\/pages\/260\/revisions\/264"}],"wp:attachment":[{"href":"https:\/\/anotherpoint.pl\/agencja-reklamowa\/wp-json\/wp\/v2\/media?parent=260"}],"curies":[{"name":"wp","href":"https:\/\/api.w.org\/{rel}","templated":true}]}}