{"id":231,"date":"2024-02-16T10:35:16","date_gmt":"2024-02-16T09:35:16","guid":{"rendered":"https:\/\/anotherpoint.pl\/agencja-reklamowa\/?page_id=231"},"modified":"2024-02-16T10:35:17","modified_gmt":"2024-02-16T09:35:17","slug":"agencja-reklamowa-olsztyn","status":"publish","type":"page","link":"https:\/\/anotherpoint.pl\/agencja-reklamowa\/agencja-reklamowa-olsztyn\/","title":{"rendered":"Agencja reklamowa Olsztyn"},"content":{"rendered":"\n<section class=\"wp-block-stackable-columns alignfull stk-block-columns stk-block stk-3a20e10\" data-block-id=\"3a20e10\"><style>.stk-3a20e10:hover{padding-top:0px !important;padding-bottom:0px !important}.stk-3a20e10{margin-top:0px !important;margin-bottom:0px !important}<\/style><div class=\"stk-row stk-inner-blocks stk-block-content stk-content-align stk-3a20e10-column alignwide\">\n<div class=\"wp-block-stackable-column stk-block-column stk-column stk-block stk-e7436f9\" data-v=\"4\" data-block-id=\"e7436f9\"><style>.stk-e7436f9{overflow:hidden !important}<\/style><div class=\"stk-column-wrapper stk-block-column__content stk-container stk-e7436f9-container stk--no-background stk--no-padding\"><div class=\"stk-block-content stk-inner-blocks stk-e7436f9-inner-blocks\">\n<div class=\"wp-block-stackable-columns stk-block-columns stk-block stk-6253057\" data-block-id=\"6253057\"><style>.stk-6253057{margin-bottom:48px !important}.stk-6253057-column{--stk-column-gap:64px !important;row-gap:32px !important}<\/style><div class=\"stk-row stk-inner-blocks stk-block-content stk-content-align stk-6253057-column\">\n<div class=\"wp-block-stackable-column stk-block-column stk-column stk-block stk-7bd55db\" data-v=\"4\" data-block-id=\"7bd55db\"><style>.stk-7bd55db-container{margin-top:0px !important;margin-right:0px !important;margin-bottom:0px !important;margin-left:0px !important;display:flex !important}.stk-7bd55db-inner-blocks{justify-content:center !important}@media screen and (min-width:690px) and (max-width:999px){.stk-7bd55db{flex:0 1 calc(100% - var(--stk-column-gap,0px) * 0 \/ 1 ) !important}}<\/style><div class=\"stk-column-wrapper stk-block-column__content stk-container stk-7bd55db-container stk--no-background stk--no-padding\"><div class=\"stk-block-content stk-inner-blocks stk-7bd55db-inner-blocks\">\n<div class=\"wp-block-stackable-heading stk-block-heading stk-block-heading--v2 stk-block stk-d53531f\" id=\"strong-agencja-reklamowa-olsztyn-strong\" data-block-id=\"d53531f\"><h1 class=\"stk-block-heading__text\"><strong>Agencja reklamowa Olsztyn<\/strong><\/h1><\/div>\n\n\n\n<p>Another Point, to Twoja przysta\u0144 kreatywno\u015bci, dost\u0119pna r\u00f3wnie\u017c dla klient\u00f3w w Olsztynie. Jeste\u015bmy agencj\u0105 reklamow\u0105, kt\u00f3ra \u0142\u0105czy pasj\u0119 do designu, marketingu i innowacji, aby wspiera\u0107 rozw\u00f3j dynamicznych marek. Z ponad 220 zrealizowanymi projektami i 13 latami do\u015bwiadczenia na koncie, nasze r\u00f3\u017cnorodne energie, charaktery i do\u015bwiadczenia przek\u0142adaj\u0105 si\u0119 na \u015bwie\u017ce i skuteczne rozwi\u0105zania dla naszych klient\u00f3w. Niezale\u017cnie od bran\u017cy &#8211; deweloperskiej, budowlanej czy FMCG, w projektach B2B i B2C, nasza agencja artystyczna i kreatywna stawia na innowacyjno\u015b\u0107 i kompleksow\u0105 obs\u0142ug\u0119.<\/p>\n\n\n\n<p>Wierzymy, \u017ce sukces marki zaczyna si\u0119 od silnej strategii i ko\u0144czy na efektywnej realizacji. Dlatego oferujemy pe\u0142ne spektrum us\u0142ug reklamowych, od projektowania identyfikacji wizualnej, poprzez strategie marketingowe, a\u017c po realizacj\u0119 kampanii online i offline. Nasze kompleksowe podej\u015bcie, znane jako OBS\u0141UGA360, zapewnia, \u017ce Twoja marka jest widoczna, rozpoznawalna i przede wszystkim &#8211; przynosz\u0105ca wymierne wyniki.<\/p>\n\n\n\n<p>Pracowali\u015bmy dla wielu znanych brand\u00f3w, tworz\u0105c kampanie, kt\u00f3re nie tylko zdobywa\u0142y serca odbiorc\u00f3w, ale i nagrody bran\u017cowe. Nasze projekty s\u0105 dowodem na to, \u017ce po\u0142\u0105czenie kreatywno\u015bci, strategii i nowoczesnych technologii to klucz do sukcesu w dzisiejszym zat\u0142oczonym \u015bwiecie. Wyr\u00f3\u017cniamy si\u0119 na tle innych agencji reklamowych unikalnym podej\u015bciem do tworzenia kampanii, kt\u00f3re \u0142\u0105czy g\u0142\u0119bokie zrozumienie lokalnego rynku z globalnymi trendami marketingowymi. Nasza misja to nie tylko kreowanie efektownych wizualnie reklam, ale przede wszystkim budowanie strategii, kt\u00f3re przynosz\u0105 realne korzy\u015bci biznesowe naszym klientom. Dzi\u0119ki naszemu do\u015bwiadczeniu i pasji, jeste\u015bmy w stanie dostarcza\u0107 rozwi\u0105zania dopasowane do indywidualnych potrzeb ka\u017cdej marki, czyni\u0105c ka\u017cdy projekt niepowtarzalnym dzie\u0142em sztuki.<\/p>\n\n\n\n<div class=\"wp-block-stackable-button-group stk-block-button-group stk-block stk-2fc7b68\" data-block-id=\"2fc7b68\"><style>.stk-2fc7b68{margin-top:32px !important;margin-bottom:32px !important}.stk-2fc7b68 .stk-inner-blocks{column-gap:8px !important}.stk-2fc7b68 .stk-block-button,.stk-2fc7b68 .stk-block-icon-button{flex:1 !important}.stk-2fc7b68,.stk-2fc7b68 .stk-block-icon-button .stk-button{width:100% !important}<\/style><div class=\"stk-row stk-inner-blocks has-text-align-center-tablet stk-block-content stk-button-group\">\n<div class=\"wp-block-stackable-button stk-block-button stk-block stk-7da1a9b\" data-block-id=\"7da1a9b\"><style>.stk-7da1a9b .stk-button{padding-top:12px !important;padding-right:32px !important;padding-bottom:12px !important;padding-left:32px !important;background:var(--theme-palette-color-4,#161615) !important;border-top-left-radius:16px !important;border-top-right-radius:16px !important;border-bottom-right-radius:16px !important;border-bottom-left-radius:16px !important}.stk-7da1a9b .stk-button:hover:after{background:var(--theme-palette-color-2,#feb04f) !important;opacity:1 !important}<\/style><a class=\"stk-link stk-button stk--hover-effect-darken\" href=\"tel:+48666747744\"><span class=\"stk-button__inner-text\">ZADZWO\u0143<\/span><\/a><\/div>\n\n\n\n<div class=\"wp-block-stackable-button stk-block-button is-style-ghost stk-block stk-1080be5\" data-block-id=\"1080be5\"><style>.stk-1080be5 .stk-button{padding-top:12px !important;padding-right:32px !important;padding-bottom:12px !important;padding-left:32px !important;background:transparent !important;border-top-left-radius:16px !important;border-top-right-radius:16px !important;border-bottom-right-radius:16px !important;border-bottom-left-radius:16px !important}.stk-1080be5 .stk-button:hover:after{background:transparent !important;opacity:1 !important}:where(.stk-hover-parent:hover,.stk-hover-parent.stk--is-hovered) .stk-1080be5 .stk-button:after{background:transparent !important;opacity:1 !important}.stk-1080be5 .stk-button:before{border-style:solid !important;border-color:var(--theme-palette-color-4,#161615) !important;border-top-width:4px !important;border-right-width:4px !important;border-bottom-width:4px !important;border-left-width:4px !important}.stk-1080be5 .stk-button:hover:before{border-color:var(--theme-palette-color-2,#feb04f) !important;border-top-width:4px !important;border-right-width:4px !important;border-bottom-width:4px !important;border-left-width:4px !important}.stk-1080be5 .stk-button__inner-text{color:var(--theme-palette-color-4,#161615) !important;font-weight:900 !important;text-transform:uppercase !important;font-style:normal !important}.stk-1080be5 .stk-button:hover .stk-button__inner-text{color:var(--theme-palette-color-2,#feb04f) !important}<\/style><a class=\"stk-link stk-button stk--hover-effect-darken\" href=\"mailto:hello@anotherpoint.pl\"><span class=\"has-text-color stk-button__inner-text\">NAPISZ<\/span><\/a><\/div>\n<\/div><\/div>\n\n\n\n<div class=\"wp-block-stackable-icon-list stk-block-icon-list stk-block stk-fe50c48\" data-block-id=\"fe50c48\"><style>.stk-fe50c48{padding-top:16px !important;padding-right:16px !important;padding-bottom:16px !important;padding-left:16px !important;column-count:3 !important}.stk-fe50c48 ul li{list-style-image:url('data:image\/svg+xml;base64,PHN2ZyB4bWxucz0iaHR0cDovL3d3dy53My5vcmcvMjAwMC9zdmciIHZpZXdCb3g9IjAgMCA1MTIgNTEyIiBzdHlsZT0iZmlsbDogIzAwMCAhaW1wb3J0YW50OyBjb2xvcjogIzAwMCAhaW1wb3J0YW50O3RyYW5zZm9ybTogcm90YXRlKGRlZykgIWltcG9ydGFudDsiPjxwYXRoIGQ9Ik0yNTYgNTEyQTI1NiAyNTYgMCAxIDAgMjU2IDBhMjU2IDI1NiAwIDEgMCAwIDUxMnpNMzY5IDIwOUwyNDEgMzM3Yy05LjQgOS40LTI0LjYgOS40LTMzLjkgMGwtNjQtNjRjLTkuNC05LjQtOS40LTI0LjYgMC0zMy45czI0LjYtOS40IDMzLjkgMGw0NyA0N0wzMzUgMTc1YzkuNC05LjQgMjQuNi05LjQgMzMuOSAwczkuNCAyNC42IDAgMzMuOXoiIGZpbGw9IiMwMDAiIHN0cm9rZT0iIzAwMCIgc3R5bGU9ImZpbGw6IHJnYigwLCAwLCAwKTsgc3Ryb2tlOiByZ2IoMCwgMCwgMCk7Ii8+PC9zdmc+') !important}.stk-fe50c48 li::marker{font-size:2em !important}<\/style><ul><li>13 lat pracy w bran\u017cy to nie tylko liczby, ale przede wszystkim bogata wiedza i zrozumienie potrzeb rynku.<\/li><li>Stale \u015bledzimy i wdra\u017camy najnowsze trendy w reklamie, by nasze kampanie by\u0142y zawsze o krok przed innymi.<\/li><li>Od pomys\u0142u po realizacj\u0119, dbamy o ka\u017cdy detal, by Twoja marka mog\u0142a \u015bwieci\u0107 najja\u015bniejszym \u015bwiat\u0142em.<\/li><\/ul><\/div>\n<\/div><\/div><\/div>\n\n\n\n<div class=\"wp-block-stackable-column stk-block-column stk-column stk-block stk-0eaf4ae\" data-v=\"4\" data-block-id=\"0eaf4ae\"><style>.stk-0eaf4ae-container{margin-top:0px !important;margin-right:0px !important;margin-bottom:0px !important;margin-left:0px !important}@media screen and (min-width:690px) and (max-width:999px){.stk-0eaf4ae{flex:0 1 calc(100% - var(--stk-column-gap,0px) * 0 \/ 1 ) !important}}<\/style><div class=\"stk-column-wrapper stk-block-column__content stk-container stk-0eaf4ae-container stk--no-background stk--no-padding\"><div class=\"stk-block-content stk-inner-blocks stk-0eaf4ae-inner-blocks\">\n<div class=\"wp-block-stackable-image stk-block-image stk-block stk-1cb9e43\" data-block-id=\"1cb9e43\"><style>.stk-1cb9e43 .stk-img-wrapper{height:100% !important}.stk-1cb9e43 .stk-img-wrapper img{border-radius:16px !important}<\/style><figure><span class=\"stk-img-wrapper stk-image--shape-stretch\"><img loading=\"lazy\" decoding=\"async\" class=\"stk-img wp-image-249\" src=\"https:\/\/anotherpoint.pl\/agencja-reklamowa\/wp-content\/uploads\/2024\/02\/Agencja-reklamowa-Olsztyn-2.webp\" width=\"520\" height=\"780\" alt=\"anotherpoint.pl - agencja reklamowa\" srcset=\"https:\/\/anotherpoint.pl\/agencja-reklamowa\/wp-content\/uploads\/2024\/02\/Agencja-reklamowa-Olsztyn-2.webp 520w, https:\/\/anotherpoint.pl\/agencja-reklamowa\/wp-content\/uploads\/2024\/02\/Agencja-reklamowa-Olsztyn-2-200x300.webp 200w\" sizes=\"auto, (max-width: 520px) 100vw, 520px\" \/><\/span><\/figure><\/div>\n<\/div><\/div><\/div>\n<\/div><\/div>\n<\/div><\/div><\/div>\n<\/div><\/section>\n\n\n\n<div class=\"wp-block-stackable-columns alignfull stk-block-columns stk-block stk-f773d0a\" data-block-id=\"f773d0a\"><div class=\"stk-row stk-inner-blocks stk-block-content stk-content-align stk-f773d0a-column alignwide\">\n<div class=\"wp-block-stackable-column stk-block-column stk-column stk-block stk-94dce38\" data-v=\"4\" data-block-id=\"94dce38\"><div class=\"stk-column-wrapper stk-block-column__content stk-container stk-94dce38-container stk--no-background stk--no-padding\"><div class=\"stk-block-content stk-inner-blocks stk-94dce38-inner-blocks\">\n<div class=\"wp-block-stackable-heading stk-block-heading stk-block-heading--v2 stk-block stk-bbe4e03\" id=\"agencja-kreatywna-strong-olsztyn-strong\" data-block-id=\"bbe4e03\"><h2 class=\"stk-block-heading__text\">Agencja kreatywna <strong>Olsztyn<\/strong><\/h2><\/div>\n\n\n\n<p>Innowacja jest sercem wszystkiego, co robimy w Another Point. Stale poszukujemy nowych, kreatywnych sposob\u00f3w na przedstawienie marki w cyfrowym \u015bwiecie, kt\u00f3ry nieustannie si\u0119 zmienia. Nasze kampanie wykorzystuj\u0105 najnowsze technologie, od rzeczywisto\u015bci rozszerzonej (AR) po innowacyjne wykorzystanie danych, aby zapewni\u0107 naszym klientom przewag\u0119 konkurencyjn\u0105. Wsp\u00f3\u0142pracuj\u0105c z nami, mo\u017cesz spodziewa\u0107 si\u0119 kampanii, kt\u00f3re nie tylko przyci\u0105gaj\u0105 uwag\u0119, ale tak\u017ce anga\u017cuj\u0105 i inspiruj\u0105 do dzia\u0142ania.<\/p>\n\n\n\n<p>Szczeg\u00f3lnie bliskie s\u0105 nam losy lokalnych przedsi\u0119biorstw i marek. Rozumiemy wyzwania, przed kt\u00f3rymi stoj\u0105 nasi klienci, dlatego Another Point k\u0142adzie du\u017cy nacisk na wspieranie lokalnego biznesu. Przez lata zbudowali\u015bmy silne relacje z wieloma firmami, pomagaj\u0105c im rosn\u0105\u0107 i osi\u0105ga\u0107 sukces w dynamicznie zmieniaj\u0105cym si\u0119 \u015brodowisku. Nasze zaanga\u017cowanie w rozw\u00f3j lokalnej spo\u0142eczno\u015bci biznesowej jest fundamentem naszej filozofii pracy. W naszej agencji ka\u017cdy klient jest traktowany z indywidualnym podej\u015bciem. Przydzielamy dedykowany zesp\u00f3\u0142 specjalist\u00f3w, kt\u00f3ry prowadzi projekt od pocz\u0105tku do ko\u0144ca, zapewniaj\u0105c sp\u00f3jno\u015b\u0107 i wysok\u0105 jako\u015b\u0107 realizacji. Nasi klienci mog\u0105 liczy\u0107 na bezpo\u015bredni kontakt z osobami odpowiedzialnymi za ich projekty, co zapewnia p\u0142ynn\u0105 komunikacj\u0119 i mo\u017cliwo\u015b\u0107 szybkiego reagowania na zmiany.<\/p>\n\n\n\n<p>Naszym g\u0142\u00f3wnym celem jest sukces Twojej marki. Wszystkie nasze dzia\u0142ania s\u0105 skoncentrowane na osi\u0105gni\u0119ciu konkretnych, mierzalnych wynik\u00f3w, kt\u00f3re przek\u0142adaj\u0105 si\u0119 na wzrost rozpoznawalno\u015bci marki, zaanga\u017cowanie klient\u00f3w i ostatecznie &#8211; zwi\u0119kszenie sprzeda\u017cy. Rozumiemy, \u017ce inwestycja w marketing to decyzja biznesowa, kt\u00f3ra musi przynosi\u0107 zwrot, dlatego zawsze k\u0142adziemy nacisk na efektywno\u015b\u0107 i optymalizacj\u0119 koszt\u00f3w. Je\u015bli szukasz agencji reklamowej, kt\u00f3ra potrafi po\u0142\u0105czy\u0107 kreatywne podej\u015bcie z solidn\u0105 strategi\u0105 marketingow\u0105, Another Point w Olsztynie jest gotowa podj\u0105\u0107 wyzwanie. Zapraszamy do kontaktu, aby om\u00f3wi\u0107, jak mo\u017cemy wsp\u00f3lnie pracowa\u0107 nad wzrostem Twojej marki. Z nami odkryjesz nowe horyzonty reklamy, kt\u00f3re przekszta\u0142c\u0105 spos\u00f3b, w jaki docierasz do swoich klient\u00f3w.<\/p>\n<\/div><\/div><\/div>\n<\/div><\/div>\n\n\n\n<section class=\"wp-block-stackable-columns alignfull stk-block-columns stk-block stk-f28139e\" data-block-id=\"f28139e\"><style>.stk-f28139e{margin-top:32px !important;margin-bottom:32px !important;overflow:hidden !important;clear:both !important}<\/style><div class=\"stk-row stk-inner-blocks stk-block-content stk-content-align stk-f28139e-column alignwide\">\n<div class=\"wp-block-stackable-column stk-block-column stk-column stk-block stk-9cc580f\" data-v=\"4\" data-block-id=\"9cc580f\"><style>.stk-9cc580f{overflow:visible !important}.stk-9cc580f .stk-container{overflow:visible !important}<\/style><div class=\"stk-column-wrapper stk-block-column__content stk-container stk-9cc580f-container stk--no-background stk--no-padding\"><div class=\"stk-block-content stk-inner-blocks stk-9cc580f-inner-blocks\">\n<div class=\"wp-block-stackable-heading stk-block-heading stk-block-heading--v2 stk-block stk-720be85\" id=\"skrobnij\" data-block-id=\"720be85\"><h2 class=\"stk-block-heading__text\">SKROBNIJ&#8230;<\/h2><\/div>\n\n\n<style id=\"wpforms-css-vars-23-block-70276953-bda1-4284-b45a-2e29e047deb8\">\n\t\t\t\t#wpforms-23.wpforms-block-70276953-bda1-4284-b45a-2e29e047deb8 {\n\t\t\t\t--wpforms-field-background-color: var(--theme-palette-color-8, #ffffff);\n--wpforms-field-border-color: var(--theme-palette-color-2, #feb04f);\n--wpforms-field-border-color-spare: var(--theme-palette-color-2, #feb04f);\n--wpforms-field-text-color: var(--theme-palette-color-4, #161615);\n--wpforms-label-color: var(--theme-palette-color-4, #161615);\n--wpforms-label-sublabel-color: var(--theme-palette-color-4, #161615);\n--wpforms-button-border-radius: 16px;\n--wpforms-button-background-color: var(--theme-palette-color-2, #feb04f);\n--wpforms-field-size-input-height: 50px;\n--wpforms-field-size-input-spacing: 20px;\n--wpforms-field-size-font-size: 18px;\n--wpforms-field-size-line-height: 21px;\n--wpforms-field-size-padding-h: 14px;\n--wpforms-field-size-checkbox-size: 18px;\n--wpforms-field-size-sublabel-spacing: 10px;\n--wpforms-field-size-icon-size: 1.25;\n--wpforms-label-size-font-size: 18px;\n--wpforms-label-size-line-height: 21px;\n--wpforms-label-size-sublabel-font-size: 16px;\n--wpforms-label-size-sublabel-line-height: 19px;\n--wpforms-button-size-font-size: 20px;\n--wpforms-button-size-height: 48px;\n--wpforms-button-size-padding-h: 20px;\n--wpforms-button-size-margin-top: 15px;\n\t\t\t}\n\t\t\t<\/style><div class=\"wpforms-container wpforms-container-full wpforms-block wpforms-block-70276953-bda1-4284-b45a-2e29e047deb8 wpforms-render-modern\" id=\"wpforms-23\"><form id=\"wpforms-form-23\" class=\"wpforms-validate wpforms-form wpforms-ajax-form\" data-formid=\"23\" method=\"post\" enctype=\"multipart\/form-data\" action=\"\/agencja-reklamowa\/wp-json\/wp\/v2\/pages\/231\" data-token=\"0049997b07b7d5c55c34c8e20cc7920f\" data-token-time=\"1775740660\"><noscript class=\"wpforms-error-noscript\">Aby wype\u0142ni\u0107 ten formularz, w\u0142\u0105cz obs\u0142ug\u0119 JavaScript w przegl\u0105darce.<\/noscript><div id=\"wpforms-error-noscript\" style=\"display: none;\">Aby wype\u0142ni\u0107 ten formularz, w\u0142\u0105cz obs\u0142ug\u0119 JavaScript w przegl\u0105darce.<\/div><div class=\"wpforms-field-container\"><div id=\"wpforms-23-field_4-container\" class=\"wpforms-field wpforms-field-name wpforms-one-half wpforms-first\" data-field-id=\"4\"><label class=\"wpforms-field-label wpforms-label-hide\" for=\"wpforms-23-field_4\" aria-hidden=\"false\">Imi\u0119 i nazwisko <span class=\"wpforms-required-label\" aria-hidden=\"true\">*<\/span><\/label><input type=\"text\" id=\"wpforms-23-field_4\" class=\"wpforms-field-large wpforms-field-required\" name=\"wpforms[fields][4]\" placeholder=\"Imi\u0119 i nazwisko\" aria-errormessage=\"wpforms-23-field_4-error\" required><\/div><div id=\"wpforms-23-field_6-container\" class=\"wpforms-field wpforms-field-email wpforms-one-half\" data-field-id=\"6\"><label class=\"wpforms-field-label wpforms-label-hide\" for=\"wpforms-23-field_6\" aria-hidden=\"false\">Adres e-mail <span class=\"wpforms-required-label\" aria-hidden=\"true\">*<\/span><\/label><input type=\"email\" id=\"wpforms-23-field_6\" class=\"wpforms-field-large wpforms-field-required\" name=\"wpforms[fields][6]\" placeholder=\"Adres e-mail\" spellcheck=\"false\" aria-errormessage=\"wpforms-23-field_6-error\" required><\/div><div id=\"wpforms-23-field_2-container\" class=\"wpforms-field wpforms-field-textarea\" data-field-id=\"2\"><label class=\"wpforms-field-label wpforms-label-hide\" for=\"wpforms-23-field_2\" aria-hidden=\"false\">Wiadomo\u015b\u0107<\/label><textarea id=\"wpforms-23-field_2\" class=\"wpforms-field-medium\" name=\"wpforms[fields][2]\" placeholder=\"Trzy s\u0142\u00f3wka o Twoim projekcie\" aria-errormessage=\"wpforms-23-field_2-error\" ><\/textarea><\/div><\/div><!-- .wpforms-field-container --><div class=\"wpforms-submit-container\" ><input type=\"hidden\" name=\"wpforms[id]\" value=\"23\"><input type=\"hidden\" name=\"page_title\" value=\"\"><input type=\"hidden\" name=\"page_url\" value=\"https:\/\/anotherpoint.pl\/agencja-reklamowa\/wp-json\/wp\/v2\/pages\/231\"><input type=\"hidden\" name=\"url_referer\" value=\"\"><button type=\"submit\" name=\"wpforms[submit]\" id=\"wpforms-submit-23\" class=\"wpforms-submit\" data-alt-text=\"Wysy\u0142anie...\" data-submit-text=\"Prze\u015blij\" aria-live=\"assertive\" value=\"wpforms-submit\">Prze\u015blij<\/button><img loading=\"lazy\" decoding=\"async\" src=\"https:\/\/anotherpoint.pl\/agencja-reklamowa\/wp-content\/plugins\/wpforms-lite\/assets\/images\/submit-spin.svg\" class=\"wpforms-submit-spinner\" style=\"display: none;\" width=\"26\" height=\"26\" alt=\"Wczytywanie\"><\/div><\/form><\/div>  <!-- .wpforms-container --><\/div><\/div><\/div>\n\n\n\n<div class=\"wp-block-stackable-column stk-block-column stk-column stk-block stk-36578fe\" data-v=\"4\" data-block-id=\"36578fe\"><div class=\"stk-column-wrapper stk-block-column__content stk-container stk-36578fe-container stk--no-background stk--no-padding\"><div class=\"stk-block-content stk-inner-blocks stk-36578fe-inner-blocks\">\n<iframe src=\"https:\/\/www.google.com\/maps\/embed?pb=!1m18!1m12!1m3!1d75448.27920288168!2d20.383298569328936!3d53.77598245318887!2m3!1f0!2f0!3f0!3m2!1i1024!2i768!4f13.1!3m3!1m2!1s0x46e2792d071419c7%3A0x106a8126cf54c20f!2sOlsztyn!5e0!3m2!1spl!2spl!4v1708074899013!5m2!1spl!2spl\" width=\"100%\" height=\"450\" style=\"border:0;\" allowfullscreen=\"\" loading=\"lazy\" referrerpolicy=\"no-referrer-when-downgrade\"><\/iframe>\n<\/div><\/div><\/div>\n<\/div><\/section>\n","protected":false},"excerpt":{"rendered":"<p>Agencja reklamowa Olsztyn Another Point, to Twoja przysta\u0144 kreatywno\u015bci, dost\u0119pna r\u00f3wnie\u017c dla klient\u00f3w w Olsztynie. Jeste\u015bmy agencj\u0105 reklamow\u0105, kt\u00f3ra \u0142\u0105czy pasj\u0119 do designu, marketingu i innowacji, aby wspiera\u0107 rozw\u00f3j dynamicznych marek. Z ponad 220 zrealizowanymi projektami i 13 latami do\u015bwiadczenia na koncie, nasze r\u00f3\u017cnorodne energie, charaktery i do\u015bwiadczenia przek\u0142adaj\u0105 si\u0119 na \u015bwie\u017ce i skuteczne rozwi\u0105zania [&hellip;]<\/p>\n","protected":false},"author":1,"featured_media":0,"parent":0,"menu_order":0,"comment_status":"closed","ping_status":"closed","template":"","meta":{"footnotes":""},"class_list":["post-231","page","type-page","status-publish","hentry"],"blocksy_meta":{"has_hero_section":"disabled","styles_descriptor":{"styles":{"desktop":"","tablet":"","mobile":""},"google_fonts":[],"version":6}},"aioseo_notices":[],"_links":{"self":[{"href":"https:\/\/anotherpoint.pl\/agencja-reklamowa\/wp-json\/wp\/v2\/pages\/231","targetHints":{"allow":["GET"]}}],"collection":[{"href":"https:\/\/anotherpoint.pl\/agencja-reklamowa\/wp-json\/wp\/v2\/pages"}],"about":[{"href":"https:\/\/anotherpoint.pl\/agencja-reklamowa\/wp-json\/wp\/v2\/types\/page"}],"author":[{"embeddable":true,"href":"https:\/\/anotherpoint.pl\/agencja-reklamowa\/wp-json\/wp\/v2\/users\/1"}],"replies":[{"embeddable":true,"href":"https:\/\/anotherpoint.pl\/agencja-reklamowa\/wp-json\/wp\/v2\/comments?post=231"}],"version-history":[{"count":6,"href":"https:\/\/anotherpoint.pl\/agencja-reklamowa\/wp-json\/wp\/v2\/pages\/231\/revisions"}],"predecessor-version":[{"id":253,"href":"https:\/\/anotherpoint.pl\/agencja-reklamowa\/wp-json\/wp\/v2\/pages\/231\/revisions\/253"}],"wp:attachment":[{"href":"https:\/\/anotherpoint.pl\/agencja-reklamowa\/wp-json\/wp\/v2\/media?parent=231"}],"curies":[{"name":"wp","href":"https:\/\/api.w.org\/{rel}","templated":true}]}}