{"id":217,"date":"2024-02-16T09:09:01","date_gmt":"2024-02-16T08:09:01","guid":{"rendered":"https:\/\/anotherpoint.pl\/agencja-reklamowa\/?page_id=217"},"modified":"2024-02-16T09:16:19","modified_gmt":"2024-02-16T08:16:19","slug":"agencja-reklamowa-lodz","status":"publish","type":"page","link":"https:\/\/anotherpoint.pl\/agencja-reklamowa\/agencja-reklamowa-lodz\/","title":{"rendered":"Agencja reklamowa \u0141\u00f3d\u017a"},"content":{"rendered":"\n<section class=\"wp-block-stackable-columns alignfull stk-block-columns stk-block stk-3a20e10\" data-block-id=\"3a20e10\"><style>.stk-3a20e10:hover{padding-top:0px !important;padding-bottom:0px !important}.stk-3a20e10{margin-top:0px !important;margin-bottom:0px !important}<\/style><div class=\"stk-row stk-inner-blocks stk-block-content stk-content-align stk-3a20e10-column alignwide\">\n<div class=\"wp-block-stackable-column stk-block-column stk-column stk-block stk-e7436f9\" data-v=\"4\" data-block-id=\"e7436f9\"><style>.stk-e7436f9{overflow:hidden !important}<\/style><div class=\"stk-column-wrapper stk-block-column__content stk-container stk-e7436f9-container stk--no-background stk--no-padding\"><div class=\"stk-block-content stk-inner-blocks stk-e7436f9-inner-blocks\">\n<div class=\"wp-block-stackable-columns stk-block-columns stk-block stk-6253057\" data-block-id=\"6253057\"><style>.stk-6253057{margin-bottom:48px !important}.stk-6253057-column{--stk-column-gap:64px !important;row-gap:32px !important}<\/style><div class=\"stk-row stk-inner-blocks stk-block-content stk-content-align stk-6253057-column\">\n<div class=\"wp-block-stackable-column stk-block-column stk-column stk-block stk-7bd55db\" data-v=\"4\" data-block-id=\"7bd55db\"><style>.stk-7bd55db-container{margin-top:0px !important;margin-right:0px !important;margin-bottom:0px !important;margin-left:0px !important;display:flex !important}.stk-7bd55db-inner-blocks{justify-content:center !important}@media screen and (min-width:690px) and (max-width:999px){.stk-7bd55db{flex:0 1 calc(100% - var(--stk-column-gap,0px) * 0 \/ 1 ) !important}}<\/style><div class=\"stk-column-wrapper stk-block-column__content stk-container stk-7bd55db-container stk--no-background stk--no-padding\"><div class=\"stk-block-content stk-inner-blocks stk-7bd55db-inner-blocks\">\n<div class=\"wp-block-stackable-heading stk-block-heading stk-block-heading--v2 stk-block stk-d53531f\" id=\"strong-agencja-reklamowa-lodz-strong\" data-block-id=\"d53531f\"><h1 class=\"stk-block-heading__text\"><strong>Agencja reklamowa \u0141\u00f3d\u017a<\/strong><\/h1><\/div>\n\n\n\n<p>W naszej agencji innowacyjno\u015b\u0107 spotyka si\u0119 z kreatywno\u015bci\u0105, tworz\u0105c niezapomniane marki i kampanie reklamowe, kt\u00f3re nie tylko przyci\u0105gaj\u0105 uwag\u0119, ale tak\u017ce przynosz\u0105 mierzalne wyniki. Jako wiod\u0105ca agencja reklamowa,  dost\u0119pna dla klient\u00f3w w \u0141odzi, naszym celem jest dostarczanie kompleksowych rozwi\u0105za\u0144 dla biznes\u00f3w ka\u017cdej wielko\u015bci. Nasza agencja artystyczna i kreatywna \u0142\u0105czy r\u00f3\u017cne energie, charaktery i do\u015bwiadczenia, aby oferowa\u0107 us\u0142ugi na najwy\u017cszym poziomie.<\/p>\n\n\n\n<p>Rozumiemy, jak wa\u017cna jest sp\u00f3jno\u015b\u0107 i kompleksowo\u015b\u0107 w budowaniu silnej marki. Dlatego oferujemy us\u0142ugi OBS\u0141UGA360, kt\u00f3re obejmuj\u0105 ca\u0142y proces &#8211; od analizy rynku, przez strategi\u0119 marketingow\u0105, projektowanie graficzne, produkcj\u0119 reklam, a\u017c po digital marketing i monitoring efekt\u00f3w. Nasze multidyscyplinarne podej\u015bcie zapewnia, \u017ce ka\u017cdy aspekt Twojej marki jest dopracowany do perfekcji.<\/p>\n\n\n\n<p>Nasze do\u015bwiadczenie m\u00f3wi samo za siebie &#8211; ponad 220 zrealizowanych projekt\u00f3w dla klient\u00f3w z r\u00f3\u017cnych bran\u017c, od deweloperskiej, przez budowlan\u0105, po FMCG, w projektach B2B i B2C. Ka\u017cdy projekt to nowe wyzwanie, kt\u00f3remu stawiamy czo\u0142a z pasj\u0105 i zaanga\u017cowaniem, co przek\u0142ada si\u0119 na zadowolenie naszych klient\u00f3w i bywa nagradzane w bran\u017cowych konkursach &#8211; jak dot\u0105d zdobyli\u015bmy 5 nagr\u00f3d za kreatywno\u015b\u0107 i innowacyjno\u015b\u0107.<\/p>\n\n\n\n<div class=\"wp-block-stackable-button-group stk-block-button-group stk-block stk-2fc7b68\" data-block-id=\"2fc7b68\"><style>.stk-2fc7b68{margin-top:32px !important;margin-bottom:32px !important}.stk-2fc7b68 .stk-inner-blocks{column-gap:8px !important}.stk-2fc7b68 .stk-block-button,.stk-2fc7b68 .stk-block-icon-button{flex:1 !important}.stk-2fc7b68,.stk-2fc7b68 .stk-block-icon-button .stk-button{width:100% !important}<\/style><div class=\"stk-row stk-inner-blocks has-text-align-center-tablet stk-block-content stk-button-group\">\n<div class=\"wp-block-stackable-button stk-block-button stk-block stk-7da1a9b\" data-block-id=\"7da1a9b\"><style>.stk-7da1a9b .stk-button{padding-top:12px !important;padding-right:32px !important;padding-bottom:12px !important;padding-left:32px !important;background:var(--theme-palette-color-4,#161615) !important;border-top-left-radius:16px !important;border-top-right-radius:16px !important;border-bottom-right-radius:16px !important;border-bottom-left-radius:16px !important}.stk-7da1a9b .stk-button:hover:after{background:var(--theme-palette-color-2,#feb04f) !important;opacity:1 !important}<\/style><a class=\"stk-link stk-button stk--hover-effect-darken\" href=\"tel:+48666747744\"><span class=\"stk-button__inner-text\">ZADZWO\u0143<\/span><\/a><\/div>\n\n\n\n<div class=\"wp-block-stackable-button stk-block-button is-style-ghost stk-block stk-1080be5\" data-block-id=\"1080be5\"><style>.stk-1080be5 .stk-button{padding-top:12px !important;padding-right:32px !important;padding-bottom:12px !important;padding-left:32px !important;background:transparent !important;border-top-left-radius:16px !important;border-top-right-radius:16px !important;border-bottom-right-radius:16px !important;border-bottom-left-radius:16px !important}.stk-1080be5 .stk-button:hover:after{background:transparent !important;opacity:1 !important}:where(.stk-hover-parent:hover,.stk-hover-parent.stk--is-hovered) .stk-1080be5 .stk-button:after{background:transparent !important;opacity:1 !important}.stk-1080be5 .stk-button:before{border-style:solid !important;border-color:var(--theme-palette-color-4,#161615) !important;border-top-width:4px !important;border-right-width:4px !important;border-bottom-width:4px !important;border-left-width:4px !important}.stk-1080be5 .stk-button:hover:before{border-color:var(--theme-palette-color-2,#feb04f) !important;border-top-width:4px !important;border-right-width:4px !important;border-bottom-width:4px !important;border-left-width:4px !important}.stk-1080be5 .stk-button__inner-text{color:var(--theme-palette-color-4,#161615) !important;font-weight:900 !important;text-transform:uppercase !important;font-style:normal !important}.stk-1080be5 .stk-button:hover .stk-button__inner-text{color:var(--theme-palette-color-2,#feb04f) !important}<\/style><a class=\"stk-link stk-button stk--hover-effect-darken\" href=\"mailto:hello@anotherpoint.pl\"><span class=\"has-text-color stk-button__inner-text\">NAPISZ<\/span><\/a><\/div>\n<\/div><\/div>\n\n\n\n<div class=\"wp-block-stackable-icon-list stk-block-icon-list stk-block stk-fd05709\" data-block-id=\"fd05709\"><style>.stk-fd05709{padding-top:16px !important;padding-right:16px !important;padding-bottom:16px !important;padding-left:16px !important;column-count:3 !important;column-gap:16px !important}.stk-fd05709 ul li{list-style-image:url('data:image\/svg+xml;base64,PHN2ZyB4bWxucz0iaHR0cDovL3d3dy53My5vcmcvMjAwMC9zdmciIHZpZXdCb3g9IjAgMCA1MTIgNTEyIiBzdHlsZT0iZmlsbDogIzAwMCAhaW1wb3J0YW50OyBjb2xvcjogIzAwMCAhaW1wb3J0YW50O3RyYW5zZm9ybTogcm90YXRlKGRlZykgIWltcG9ydGFudDsiPjxwYXRoIGQ9Ik0yNTYgNTEyQTI1NiAyNTYgMCAxIDAgMjU2IDBhMjU2IDI1NiAwIDEgMCAwIDUxMnpNMzY5IDIwOUwyNDEgMzM3Yy05LjQgOS40LTI0LjYgOS40LTMzLjkgMGwtNjQtNjRjLTkuNC05LjQtOS40LTI0LjYgMC0zMy45czI0LjYtOS40IDMzLjkgMGw0NyA0N0wzMzUgMTc1YzkuNC05LjQgMjQuNi05LjQgMzMuOSAwczkuNCAyNC42IDAgMzMuOXoiIGZpbGw9IiMwMDAiIHN0cm9rZT0iIzAwMCIgc3R5bGU9ImZpbGw6IHJnYigwLCAwLCAwKTsgc3Ryb2tlOiByZ2IoMCwgMCwgMCk7Ii8+PC9zdmc+') !important}.stk-fd05709 li::marker{font-size:2em !important}.stk-fd05709 li{margin-inline:0 auto !important}<\/style><ul><li>13 lat na rynku to nie tylko liczby, ale przede wszystkim zdobyta wiedza i do\u015bwiadczenie, kt\u00f3re pozwalaj\u0105 nam efektywnie wspiera\u0107 rozw\u00f3j Twojej marki.<\/li><li>Od strategii po realizacj\u0119, zapewniamy pe\u0142en zakres us\u0142ug, aby Twoja marka mog\u0142a si\u0119 rozwija\u0107 bez przeszk\u00f3d.<\/li><li>Uwielbiamy wyzwania, poniewa\u017c ka\u017cde z nich daje nam szans\u0119 na pokazanie, jak du\u017co mo\u017cemy zdzia\u0142a\u0107.<\/li><\/ul><\/div>\n<\/div><\/div><\/div>\n\n\n\n<div class=\"wp-block-stackable-column stk-block-column stk-column stk-block stk-0eaf4ae\" data-v=\"4\" data-block-id=\"0eaf4ae\"><style>.stk-0eaf4ae-container{margin-top:0px !important;margin-right:0px !important;margin-bottom:0px !important;margin-left:0px !important}@media screen and (min-width:690px) and (max-width:999px){.stk-0eaf4ae{flex:0 1 calc(100% - var(--stk-column-gap,0px) * 0 \/ 1 ) !important}}<\/style><div class=\"stk-column-wrapper stk-block-column__content stk-container stk-0eaf4ae-container stk--no-background stk--no-padding\"><div class=\"stk-block-content stk-inner-blocks stk-0eaf4ae-inner-blocks\">\n<div class=\"wp-block-stackable-image stk-block-image stk-block stk-1cb9e43\" data-block-id=\"1cb9e43\"><style>.stk-1cb9e43 .stk-img-wrapper{height:100% !important}.stk-1cb9e43 .stk-img-wrapper img{border-radius:16px !important}<\/style><figure><span class=\"stk-img-wrapper stk-image--shape-stretch\"><img loading=\"lazy\" decoding=\"async\" class=\"stk-img wp-image-222\" src=\"https:\/\/anotherpoint.pl\/agencja-reklamowa\/wp-content\/uploads\/2024\/02\/Agencja-reklamowa-Lodz-scaled.webp\" width=\"1707\" height=\"2560\" alt=\"anotherpoint.pl - agencja reklamowa\" srcset=\"https:\/\/anotherpoint.pl\/agencja-reklamowa\/wp-content\/uploads\/2024\/02\/Agencja-reklamowa-Lodz-scaled.webp 1707w, https:\/\/anotherpoint.pl\/agencja-reklamowa\/wp-content\/uploads\/2024\/02\/Agencja-reklamowa-Lodz-200x300.webp 200w, https:\/\/anotherpoint.pl\/agencja-reklamowa\/wp-content\/uploads\/2024\/02\/Agencja-reklamowa-Lodz-683x1024.webp 683w, https:\/\/anotherpoint.pl\/agencja-reklamowa\/wp-content\/uploads\/2024\/02\/Agencja-reklamowa-Lodz-768x1152.webp 768w, https:\/\/anotherpoint.pl\/agencja-reklamowa\/wp-content\/uploads\/2024\/02\/Agencja-reklamowa-Lodz-1024x1536.webp 1024w, https:\/\/anotherpoint.pl\/agencja-reklamowa\/wp-content\/uploads\/2024\/02\/Agencja-reklamowa-Lodz-1365x2048.webp 1365w\" sizes=\"auto, (max-width: 1707px) 100vw, 1707px\" \/><\/span><\/figure><\/div>\n<\/div><\/div><\/div>\n<\/div><\/div>\n<\/div><\/div><\/div>\n<\/div><\/section>\n\n\n\n<div class=\"wp-block-stackable-columns alignfull stk-block-columns stk-block stk-f773d0a\" data-block-id=\"f773d0a\"><div class=\"stk-row stk-inner-blocks stk-block-content stk-content-align stk-f773d0a-column alignwide\">\n<div class=\"wp-block-stackable-column stk-block-column stk-column stk-block stk-94dce38\" data-v=\"4\" data-block-id=\"94dce38\"><div class=\"stk-column-wrapper stk-block-column__content stk-container stk-94dce38-container stk--no-background stk--no-padding\"><div class=\"stk-block-content stk-inner-blocks stk-94dce38-inner-blocks\">\n<div class=\"wp-block-stackable-heading stk-block-heading stk-block-heading--v2 stk-block stk-bbe4e03\" id=\"agencja-kreatywna-strong-lodz-strong\" data-block-id=\"bbe4e03\"><h2 class=\"stk-block-heading__text\">Agencja kreatywna <strong>\u0141\u00f3d\u017a<\/strong><\/h2><\/div>\n\n\n\n<p>Nieustannie d\u0105\u017cymy do przekraczania granic tradycyjnego marketingu, wykorzystuj\u0105c najnowsze technologie i trendy w bran\u017cy, aby nasze projekty nie tylko przemawia\u0142y do wyobra\u017ani odbiorc\u00f3w, ale tak\u017ce generowa\u0142y konkretne wyniki dla naszych klient\u00f3w. Nasze podej\u015bcie opiera si\u0119 na dw\u00f3ch filarach: innowacji i kreatywno\u015bci, kt\u00f3re s\u0105 motorem nap\u0119dowym naszych dzia\u0142a\u0144. W erze cyfrowej, innowacja jest kluczem do wyr\u00f3\u017cnienia si\u0119 na rynku. W <em>Another Point<\/em> rozumiemy to jak nikt inny. Stosujemy nowoczesne rozwi\u0105zania takie jak marketing mobilny, kampanie w mediach spo\u0142eczno\u015bciowych wykorzystuj\u0105ce AI do personalizacji tre\u015bci, czy zaawansowane techniki SEO, aby zapewni\u0107 naszym klientom przewag\u0119 w cyfrowym \u015bwiecie. Nasze strategie s\u0105 zawsze skrojone na miar\u0119, dopasowane do indywidualnych potrzeb i oczekiwa\u0144 ka\u017cdego z naszych klient\u00f3w.<\/p>\n\n\n\n<p>Wierzymy, \u017ce sercem ka\u017cdej udanej kampanii jest kreatywno\u015b\u0107. To ona pozwala nam tworzy\u0107 unikalne, anga\u017cuj\u0105ce i pami\u0119tne tre\u015bci, kt\u00f3re nie tylko przyci\u0105gaj\u0105 uwag\u0119, ale tak\u017ce buduj\u0105 emocjonaln\u0105 wi\u0119\u017a mi\u0119dzy mark\u0105 a jej odbiorcami. Nasz zesp\u00f3\u0142 sk\u0142ada si\u0119 z utalentowanych projektant\u00f3w, copywriter\u00f3w i strateg\u00f3w marketingowych, kt\u00f3rzy \u0142\u0105cz\u0105 swoje si\u0142y, aby ka\u017cdy projekt by\u0142 niepowtarzalny i skrojony na miar\u0119 potrzeb naszych klient\u00f3w. Kluczem do naszego sukcesu jest budowanie trwa\u0142ych, opartych na zaufaniu relacji z naszymi klientami. Stawiamy na otwart\u0105 komunikacj\u0119 i wsp\u00f3\u0142prac\u0119, co pozwala nam lepiej zrozumie\u0107 cele i oczekiwania naszych partner\u00f3w. To zaanga\u017cowanie w bliskie relacje z klientami jest jednym z powod\u00f3w, dla kt\u00f3rych tak wiele firm z \u0141odzi i okolic wybiera w\u0142a\u015bnie nasz\u0105 agencj\u0119 do wspierania swoich dzia\u0142a\u0144 marketingowych.<\/p>\n\n\n\n<p>Je\u015bli szukasz agencji, kt\u00f3ra z zaanga\u017cowaniem i kreatywno\u015bci\u0105 podejdzie do promocji Twojej marki, nasza agencja jest dla Ciebie. Niezale\u017cnie od tego, czy Twoja firma dopiero wchodzi na rynek, czy jest ju\u017c rozpoznawaln\u0105 mark\u0105, nasz zesp\u00f3\u0142 ekspert\u00f3w jest gotowy, aby pom\u00f3c Ci osi\u0105gn\u0105\u0107 nowe cele. Odwied\u017a nasz\u0105 stron\u0119 internetow\u0105 anotherpoint.pl, aby dowiedzie\u0107 si\u0119 wi\u0119cej o naszych us\u0142ugach i zobaczy\u0107, jak mo\u017cemy wsp\u00f3lnie tworzy\u0107 historie sukcesu.<\/p>\n<\/div><\/div><\/div>\n<\/div><\/div>\n\n\n\n<section class=\"wp-block-stackable-columns alignfull stk-block-columns stk-block stk-f28139e\" data-block-id=\"f28139e\"><style>.stk-f28139e{margin-top:32px !important;margin-bottom:32px !important;overflow:hidden !important;clear:both !important}<\/style><div class=\"stk-row stk-inner-blocks stk-block-content stk-content-align stk-f28139e-column alignwide\">\n<div class=\"wp-block-stackable-column stk-block-column stk-column stk-block stk-9cc580f\" data-v=\"4\" data-block-id=\"9cc580f\"><style>.stk-9cc580f{overflow:visible !important}.stk-9cc580f .stk-container{overflow:visible !important}<\/style><div class=\"stk-column-wrapper stk-block-column__content stk-container stk-9cc580f-container stk--no-background stk--no-padding\"><div class=\"stk-block-content stk-inner-blocks stk-9cc580f-inner-blocks\">\n<div class=\"wp-block-stackable-heading stk-block-heading stk-block-heading--v2 stk-block stk-720be85\" id=\"skrobnij\" data-block-id=\"720be85\"><h2 class=\"stk-block-heading__text\">SKROBNIJ&#8230;<\/h2><\/div>\n\n\n<style id=\"wpforms-css-vars-23-block-70276953-bda1-4284-b45a-2e29e047deb8\">\n\t\t\t\t#wpforms-23.wpforms-block-70276953-bda1-4284-b45a-2e29e047deb8 {\n\t\t\t\t--wpforms-field-background-color: var(--theme-palette-color-8, #ffffff);\n--wpforms-field-border-color: var(--theme-palette-color-2, #feb04f);\n--wpforms-field-border-color-spare: var(--theme-palette-color-2, #feb04f);\n--wpforms-field-text-color: var(--theme-palette-color-4, #161615);\n--wpforms-label-color: var(--theme-palette-color-4, #161615);\n--wpforms-label-sublabel-color: var(--theme-palette-color-4, #161615);\n--wpforms-button-border-radius: 16px;\n--wpforms-button-background-color: var(--theme-palette-color-2, #feb04f);\n--wpforms-field-size-input-height: 50px;\n--wpforms-field-size-input-spacing: 20px;\n--wpforms-field-size-font-size: 18px;\n--wpforms-field-size-line-height: 21px;\n--wpforms-field-size-padding-h: 14px;\n--wpforms-field-size-checkbox-size: 18px;\n--wpforms-field-size-sublabel-spacing: 10px;\n--wpforms-field-size-icon-size: 1.25;\n--wpforms-label-size-font-size: 18px;\n--wpforms-label-size-line-height: 21px;\n--wpforms-label-size-sublabel-font-size: 16px;\n--wpforms-label-size-sublabel-line-height: 19px;\n--wpforms-button-size-font-size: 20px;\n--wpforms-button-size-height: 48px;\n--wpforms-button-size-padding-h: 20px;\n--wpforms-button-size-margin-top: 15px;\n\t\t\t}\n\t\t\t<\/style><div class=\"wpforms-container wpforms-container-full wpforms-block wpforms-block-70276953-bda1-4284-b45a-2e29e047deb8 wpforms-render-modern\" id=\"wpforms-23\"><form id=\"wpforms-form-23\" class=\"wpforms-validate wpforms-form wpforms-ajax-form\" data-formid=\"23\" method=\"post\" enctype=\"multipart\/form-data\" action=\"\/agencja-reklamowa\/wp-json\/wp\/v2\/pages\/217\" data-token=\"0049997b07b7d5c55c34c8e20cc7920f\" data-token-time=\"1775739815\"><noscript class=\"wpforms-error-noscript\">Aby wype\u0142ni\u0107 ten formularz, w\u0142\u0105cz obs\u0142ug\u0119 JavaScript w przegl\u0105darce.<\/noscript><div id=\"wpforms-error-noscript\" style=\"display: none;\">Aby wype\u0142ni\u0107 ten formularz, w\u0142\u0105cz obs\u0142ug\u0119 JavaScript w przegl\u0105darce.<\/div><div class=\"wpforms-field-container\"><div id=\"wpforms-23-field_4-container\" class=\"wpforms-field wpforms-field-name wpforms-one-half wpforms-first\" data-field-id=\"4\"><label class=\"wpforms-field-label wpforms-label-hide\" for=\"wpforms-23-field_4\" aria-hidden=\"false\">Imi\u0119 i nazwisko <span class=\"wpforms-required-label\" aria-hidden=\"true\">*<\/span><\/label><input type=\"text\" id=\"wpforms-23-field_4\" class=\"wpforms-field-large wpforms-field-required\" name=\"wpforms[fields][4]\" placeholder=\"Imi\u0119 i nazwisko\" aria-errormessage=\"wpforms-23-field_4-error\" required><\/div><div id=\"wpforms-23-field_6-container\" class=\"wpforms-field wpforms-field-email wpforms-one-half\" data-field-id=\"6\"><label class=\"wpforms-field-label wpforms-label-hide\" for=\"wpforms-23-field_6\" aria-hidden=\"false\">Adres e-mail <span class=\"wpforms-required-label\" aria-hidden=\"true\">*<\/span><\/label><input type=\"email\" id=\"wpforms-23-field_6\" class=\"wpforms-field-large wpforms-field-required\" name=\"wpforms[fields][6]\" placeholder=\"Adres e-mail\" spellcheck=\"false\" aria-errormessage=\"wpforms-23-field_6-error\" required><\/div><div id=\"wpforms-23-field_2-container\" class=\"wpforms-field wpforms-field-textarea\" data-field-id=\"2\"><label class=\"wpforms-field-label wpforms-label-hide\" for=\"wpforms-23-field_2\" aria-hidden=\"false\">Wiadomo\u015b\u0107<\/label><textarea id=\"wpforms-23-field_2\" class=\"wpforms-field-medium\" name=\"wpforms[fields][2]\" placeholder=\"Trzy s\u0142\u00f3wka o Twoim projekcie\" aria-errormessage=\"wpforms-23-field_2-error\" ><\/textarea><\/div><\/div><!-- .wpforms-field-container --><div class=\"wpforms-submit-container\" ><input type=\"hidden\" name=\"wpforms[id]\" value=\"23\"><input type=\"hidden\" name=\"page_title\" value=\"\"><input type=\"hidden\" name=\"page_url\" value=\"https:\/\/anotherpoint.pl\/agencja-reklamowa\/wp-json\/wp\/v2\/pages\/217\"><input type=\"hidden\" name=\"url_referer\" value=\"\"><button type=\"submit\" name=\"wpforms[submit]\" id=\"wpforms-submit-23\" class=\"wpforms-submit\" data-alt-text=\"Wysy\u0142anie...\" data-submit-text=\"Prze\u015blij\" aria-live=\"assertive\" value=\"wpforms-submit\">Prze\u015blij<\/button><img loading=\"lazy\" decoding=\"async\" src=\"https:\/\/anotherpoint.pl\/agencja-reklamowa\/wp-content\/plugins\/wpforms-lite\/assets\/images\/submit-spin.svg\" class=\"wpforms-submit-spinner\" style=\"display: none;\" width=\"26\" height=\"26\" alt=\"Wczytywanie\"><\/div><\/form><\/div>  <!-- .wpforms-container --><\/div><\/div><\/div>\n\n\n\n<div class=\"wp-block-stackable-column stk-block-column stk-column stk-block stk-36578fe\" data-v=\"4\" data-block-id=\"36578fe\"><div class=\"stk-column-wrapper stk-block-column__content stk-container stk-36578fe-container stk--no-background stk--no-padding\"><div class=\"stk-block-content stk-inner-blocks stk-36578fe-inner-blocks\">\n<iframe src=\"https:\/\/www.google.com\/maps\/embed?pb=!1m18!1m12!1m3!1d158004.11259092667!2d19.315786106669538!3d51.77300268373634!2m3!1f0!2f0!3f0!3m2!1i1024!2i768!4f13.1!3m3!1m2!1s0x471bcb24754556af%3A0xcb7cae639b21dbac!2zxYHDs2TFug!5e0!3m2!1spl!2spl!4v1708071369332!5m2!1spl!2spl\" width=\"100%\" height=\"450\" style=\"border:0;\" allowfullscreen=\"\" loading=\"lazy\" referrerpolicy=\"no-referrer-when-downgrade\"><\/iframe>\n<\/div><\/div><\/div>\n<\/div><\/section>\n","protected":false},"excerpt":{"rendered":"<p>Agencja reklamowa \u0141\u00f3d\u017a W naszej agencji innowacyjno\u015b\u0107 spotyka si\u0119 z kreatywno\u015bci\u0105, tworz\u0105c niezapomniane marki i kampanie reklamowe, kt\u00f3re nie tylko przyci\u0105gaj\u0105 uwag\u0119, ale tak\u017ce przynosz\u0105 mierzalne wyniki. Jako wiod\u0105ca agencja reklamowa, dost\u0119pna dla klient\u00f3w w \u0141odzi, naszym celem jest dostarczanie kompleksowych rozwi\u0105za\u0144 dla biznes\u00f3w ka\u017cdej wielko\u015bci. Nasza agencja artystyczna i kreatywna \u0142\u0105czy r\u00f3\u017cne energie, charaktery [&hellip;]<\/p>\n","protected":false},"author":1,"featured_media":0,"parent":0,"menu_order":0,"comment_status":"closed","ping_status":"closed","template":"","meta":{"footnotes":""},"class_list":["post-217","page","type-page","status-publish","hentry"],"blocksy_meta":{"has_hero_section":"disabled","styles_descriptor":{"styles":{"desktop":"","tablet":"","mobile":""},"google_fonts":[],"version":6}},"aioseo_notices":[],"_links":{"self":[{"href":"https:\/\/anotherpoint.pl\/agencja-reklamowa\/wp-json\/wp\/v2\/pages\/217","targetHints":{"allow":["GET"]}}],"collection":[{"href":"https:\/\/anotherpoint.pl\/agencja-reklamowa\/wp-json\/wp\/v2\/pages"}],"about":[{"href":"https:\/\/anotherpoint.pl\/agencja-reklamowa\/wp-json\/wp\/v2\/types\/page"}],"author":[{"embeddable":true,"href":"https:\/\/anotherpoint.pl\/agencja-reklamowa\/wp-json\/wp\/v2\/users\/1"}],"replies":[{"embeddable":true,"href":"https:\/\/anotherpoint.pl\/agencja-reklamowa\/wp-json\/wp\/v2\/comments?post=217"}],"version-history":[{"count":5,"href":"https:\/\/anotherpoint.pl\/agencja-reklamowa\/wp-json\/wp\/v2\/pages\/217\/revisions"}],"predecessor-version":[{"id":226,"href":"https:\/\/anotherpoint.pl\/agencja-reklamowa\/wp-json\/wp\/v2\/pages\/217\/revisions\/226"}],"wp:attachment":[{"href":"https:\/\/anotherpoint.pl\/agencja-reklamowa\/wp-json\/wp\/v2\/media?parent=217"}],"curies":[{"name":"wp","href":"https:\/\/api.w.org\/{rel}","templated":true}]}}