{"id":161,"date":"2024-01-23T11:18:47","date_gmt":"2024-01-23T10:18:47","guid":{"rendered":"https:\/\/anotherpoint.pl\/agencja-reklamowa\/?page_id=161"},"modified":"2024-01-23T11:20:55","modified_gmt":"2024-01-23T10:20:55","slug":"agencja-reklamowa-bydgoszcz","status":"publish","type":"page","link":"https:\/\/anotherpoint.pl\/agencja-reklamowa\/agencja-reklamowa-bydgoszcz\/","title":{"rendered":"Agencja reklamowa Bydgoszcz"},"content":{"rendered":"\n<section class=\"wp-block-stackable-columns alignfull stk-block-columns stk-block stk-3a20e10\" data-block-id=\"3a20e10\"><style>.stk-3a20e10:hover{padding-top:0px !important;padding-bottom:0px !important}.stk-3a20e10{margin-top:0px !important;margin-bottom:0px !important}<\/style><div class=\"stk-row stk-inner-blocks stk-block-content stk-content-align stk-3a20e10-column alignwide\">\n<div class=\"wp-block-stackable-column stk-block-column stk-column stk-block stk-e7436f9\" data-v=\"4\" data-block-id=\"e7436f9\"><style>.stk-e7436f9{overflow:hidden !important}<\/style><div class=\"stk-column-wrapper stk-block-column__content stk-container stk-e7436f9-container stk--no-background stk--no-padding\"><div class=\"stk-block-content stk-inner-blocks stk-e7436f9-inner-blocks\">\n<div class=\"wp-block-stackable-columns stk-block-columns stk-block stk-6253057\" data-block-id=\"6253057\"><style>.stk-6253057{margin-bottom:48px !important}.stk-6253057-column{--stk-column-gap:64px !important;row-gap:32px !important}<\/style><div class=\"stk-row stk-inner-blocks stk-block-content stk-content-align stk-6253057-column\">\n<div class=\"wp-block-stackable-column stk-block-column stk-column stk-block stk-7bd55db\" data-v=\"4\" data-block-id=\"7bd55db\"><style>.stk-7bd55db-container{margin-top:0px !important;margin-right:0px !important;margin-bottom:0px !important;margin-left:0px !important;display:flex !important}.stk-7bd55db-inner-blocks{justify-content:center !important}@media screen and (min-width:690px) and (max-width:999px){.stk-7bd55db{flex:0 1 calc(100% - var(--stk-column-gap,0px) * 0 \/ 1 ) !important}}<\/style><div class=\"stk-column-wrapper stk-block-column__content stk-container stk-7bd55db-container stk--no-background stk--no-padding\"><div class=\"stk-block-content stk-inner-blocks stk-7bd55db-inner-blocks\">\n<div class=\"wp-block-stackable-heading stk-block-heading stk-block-heading--v2 stk-block stk-d53531f\" id=\"strong-agencja-reklamowa-bydgoszcz-strong\" data-block-id=\"d53531f\"><h1 class=\"stk-block-heading__text\"><strong>Agencja reklamowa Bydgoszcz<\/strong><\/h1><\/div>\n\n\n\n<div class=\"wp-block-stackable-text stk-block-text stk-block stk-19d9697\" data-block-id=\"19d9697\"><style>.stk-19d9697{margin-bottom:16px !important}@media screen and (max-width:999px){.stk-19d9697{margin-bottom:0px !important}}<\/style><p class=\"stk-block-text__text\">Witamy na stronie agencji reklamowej Another Point, agencji kt\u00f3ra wyznacza nowe standardy w kreacji i wsparciu dynamicznych marek. Nasze podej\u015bcie do reklamy i marketingu opiera si\u0119 na innowacyjno\u015bci, kreatywno\u015bci i kompleksowej obs\u0142udze. <\/p><\/div>\n\n\n\n<div class=\"wp-block-stackable-text stk-block-text stk-block stk-8df26fe\" data-block-id=\"8df26fe\"><style>.stk-8df26fe{margin-bottom:16px !important}@media screen and (max-width:999px){.stk-8df26fe{margin-bottom:0px !important}}<\/style><p class=\"stk-block-text__text\">Z ponad 13-letnim do\u015bwiadczeniem na rynku reklamowym, nasza agencja reklamowa wyros\u0142a na lidera w bran\u017cy, obs\u0142uguj\u0105c ponad 220 projekt\u00f3w dla znanych brand\u00f3w z r\u00f3\u017cnych sektor\u00f3w, w tym deweloperskich, budowlanych oraz FMCG, zar\u00f3wno w obszarach B2B, jak i B2C. W tym artykule przedstawimy nasze podej\u015bcie do kreowania marki, nasze us\u0142ugi, a tak\u017ce kilka studi\u00f3w przypadk\u00f3w, kt\u00f3re najlepiej ilustruj\u0105 nasze osi\u0105gni\u0119cia.<\/p><\/div>\n\n\n\n<p style=\"margin-bottom:16px\">W \u015bwiecie, gdzie marka jest opowie\u015bci\u0105, a reklama jej j\u0119zykiem, powstanie naszej agencji  nie jest przypadkowe. To odpowied\u017a na rosn\u0105ce zapotrzebowanie na autentyczne, innowacyjne i skuteczne strategie komunikacji. Jako agencja reklamowa Another Point wyr\u00f3\u017cnia si\u0119 nie tylko lokalnie, ale i na skal\u0119 og\u00f3lnopolsk\u0105, oferuj\u0105c swoim klientom us\u0142ugi na najwy\u017cszym poziomie. Z pasj\u0105 tworzymy i wspieramy dynamiczne marki, przekszta\u0142caj\u0105c wyzwania w mo\u017cliwo\u015bci i pomys\u0142y w realne sukcesy.<\/p>\n\n\n\n<p style=\"margin-bottom:16px\">Nasza agencja reklamowa ma za sob\u0105 13 lat do\u015bwiadczenia, co przek\u0142ada si\u0119 na g\u0142\u0119bokie zrozumienie potrzeb rynku i umiej\u0119tno\u015b\u0107 dostosowania strategii do indywidualnych wymaga\u0144 klient\u00f3w. W tym czasie zdobyli\u015bmy 5 presti\u017cowych nagr\u00f3d bran\u017cowych, co \u015bwiadczy o naszym zaanga\u017cowaniu i profesjonalizmie. Zapraszamy do kontaktu z nasz\u0105 agencj\u0105. Jeste\u015bmy dost\u0119pni zar\u00f3wno osobi\u015bcie, jak i online. <\/p>\n\n\n\n<div class=\"wp-block-stackable-button-group stk-block-button-group stk-block stk-2fc7b68\" data-block-id=\"2fc7b68\"><style>.stk-2fc7b68{margin-top:32px !important;margin-bottom:32px !important}.stk-2fc7b68 .stk-inner-blocks{column-gap:8px !important}.stk-2fc7b68 .stk-block-button,.stk-2fc7b68 .stk-block-icon-button{flex:1 !important}.stk-2fc7b68,.stk-2fc7b68 .stk-block-icon-button .stk-button{width:100% !important}<\/style><div class=\"stk-row stk-inner-blocks has-text-align-center-tablet stk-block-content stk-button-group\">\n<div class=\"wp-block-stackable-button stk-block-button stk-block stk-7da1a9b\" data-block-id=\"7da1a9b\"><style>.stk-7da1a9b .stk-button{padding-top:12px !important;padding-right:32px !important;padding-bottom:12px !important;padding-left:32px !important;background:var(--theme-palette-color-4,#161615) !important;border-top-left-radius:16px !important;border-top-right-radius:16px !important;border-bottom-right-radius:16px !important;border-bottom-left-radius:16px !important}.stk-7da1a9b .stk-button:hover:after{background:var(--theme-palette-color-2,#feb04f) !important;opacity:1 !important}<\/style><a class=\"stk-link stk-button stk--hover-effect-darken\" href=\"tel:+48666747744\"><span class=\"stk-button__inner-text\">ZADZWO\u0143<\/span><\/a><\/div>\n\n\n\n<div class=\"wp-block-stackable-button stk-block-button is-style-ghost stk-block stk-1080be5\" data-block-id=\"1080be5\"><style>.stk-1080be5 .stk-button{padding-top:12px !important;padding-right:32px !important;padding-bottom:12px !important;padding-left:32px !important;background:transparent !important;border-top-left-radius:16px !important;border-top-right-radius:16px !important;border-bottom-right-radius:16px !important;border-bottom-left-radius:16px !important}.stk-1080be5 .stk-button:hover:after{background:transparent !important;opacity:1 !important}:where(.stk-hover-parent:hover,.stk-hover-parent.stk--is-hovered) .stk-1080be5 .stk-button:after{background:transparent !important;opacity:1 !important}.stk-1080be5 .stk-button:before{border-style:solid !important;border-color:var(--theme-palette-color-4,#161615) !important;border-top-width:4px !important;border-right-width:4px !important;border-bottom-width:4px !important;border-left-width:4px !important}.stk-1080be5 .stk-button:hover:before{border-color:var(--theme-palette-color-2,#feb04f) !important;border-top-width:4px !important;border-right-width:4px !important;border-bottom-width:4px !important;border-left-width:4px !important}.stk-1080be5 .stk-button__inner-text{color:var(--theme-palette-color-4,#161615) !important;font-weight:900 !important;text-transform:uppercase !important;font-style:normal !important}.stk-1080be5 .stk-button:hover .stk-button__inner-text{color:var(--theme-palette-color-2,#feb04f) !important}<\/style><a class=\"stk-link stk-button stk--hover-effect-darken\" href=\"mailto:hello@anotherpoint.pl\"><span class=\"has-text-color stk-button__inner-text\">NAPISZ<\/span><\/a><\/div>\n<\/div><\/div>\n\n\n\n<div class=\"wp-block-stackable-icon-list stk-block-icon-list stk-block stk-b2a5e9e\" data-block-id=\"b2a5e9e\"><style>.stk-b2a5e9e{column-count:3 !important}.stk-b2a5e9e ul li{list-style-image:url('data:image\/svg+xml;base64,PHN2ZyBhcmlhLWhpZGRlbj0idHJ1ZSIgZGF0YS1wcmVmaXg9ImZhcyIgZGF0YS1pY29uPSJjaGVjay1jaXJjbGUiIGNsYXNzPSJzdmctaW5saW5lLS1mYSBmYS1jaGVjay1jaXJjbGUgZmEtdy0xNiIgcm9sZT0iaW1nIiB4bWxucz0iaHR0cDovL3d3dy53My5vcmcvMjAwMC9zdmciIHZpZXdCb3g9IjAgMCA1MTIgNTEyIiBzdHlsZT0iZmlsbDogIzAwMCAhaW1wb3J0YW50OyBjb2xvcjogIzAwMCAhaW1wb3J0YW50O3RyYW5zZm9ybTogcm90YXRlKGRlZykgIWltcG9ydGFudDsiPjxwYXRoIGZpbGw9IiMwMDAiIGQ9Ik01MDQgMjU2YzAgMTM2Ljk2Ny0xMTEuMDMzIDI0OC0yNDggMjQ4UzggMzkyLjk2NyA4IDI1NiAxMTkuMDMzIDggMjU2IDhzMjQ4IDExMS4wMzMgMjQ4IDI0OHpNMjI3LjMxNCAzODcuMzE0bDE4NC0xODRjNi4yNDgtNi4yNDggNi4yNDgtMTYuMzc5IDAtMjIuNjI3bC0yMi42MjctMjIuNjI3Yy02LjI0OC02LjI0OS0xNi4zNzktNi4yNDktMjIuNjI4IDBMMjE2IDMwOC4xMThsLTcwLjA1OS03MC4wNTljLTYuMjQ4LTYuMjQ4LTE2LjM3OS02LjI0OC0yMi42MjggMGwtMjIuNjI3IDIyLjYyN2MtNi4yNDggNi4yNDgtNi4yNDggMTYuMzc5IDAgMjIuNjI3bDEwNCAxMDRjNi4yNDkgNi4yNDkgMTYuMzc5IDYuMjQ5IDIyLjYyOC4wMDF6IiBzdHJva2U9IiMwMDAiIHN0eWxlPSJmaWxsOiByZ2IoMCwgMCwgMCk7IHN0cm9rZTogcmdiKDAsIDAsIDApOyIvPjwvc3ZnPg==') !important}.stk-b2a5e9e li::marker{font-size:2em !important}@media screen and (max-width:689px){.stk-b2a5e9e{column-count:1 !important}}<\/style><ul><li>Specjalizujemy si\u0119 w tworzeniu unikalnych, zapadaj\u0105cych w pami\u0119\u0107 to\u017csamo\u015bci marek. Nasze projekty s\u0105 odzwierciedleniem osobowo\u015bci naszych klient\u00f3w i ich ambicji na rynku.<\/li><li>Od projektowania graficznego po produkcj\u0119 materia\u0142\u00f3w reklamowych \u2013 ka\u017cdy etap realizowany jest z najwi\u0119ksz\u0105 staranno\u015bci\u0105 o szczeg\u00f3\u0142y. Nasze studio graficzne \u0142\u0105czy kreatywno\u015b\u0107 z najnowszymi trendami w designie.<\/li><li>W dobie cyfryzacji, skuteczna obecno\u015b\u0107 online jest kluczowa. Zajmujemy si\u0119 strategi\u0105 marketingow\u0105 w mediach spo\u0142eczno\u015bciowych, SEO, a tak\u017ce kampaniami reklamowymi w Internecie.<\/li><\/ul><\/div>\n<\/div><\/div><\/div>\n\n\n\n<div class=\"wp-block-stackable-column stk-block-column stk-column stk-block stk-0eaf4ae\" data-v=\"4\" data-block-id=\"0eaf4ae\"><style>.stk-0eaf4ae-container{margin-top:0px !important;margin-right:0px !important;margin-bottom:0px !important;margin-left:0px !important}@media screen and (min-width:690px) and (max-width:999px){.stk-0eaf4ae{flex:0 1 calc(100% - var(--stk-column-gap,0px) * 0 \/ 1 ) !important}}<\/style><div class=\"stk-column-wrapper stk-block-column__content stk-container stk-0eaf4ae-container stk--no-background stk--no-padding\"><div class=\"stk-block-content stk-inner-blocks stk-0eaf4ae-inner-blocks\">\n<div class=\"wp-block-stackable-image stk-block-image stk-block stk-1cb9e43\" data-block-id=\"1cb9e43\"><style>.stk-1cb9e43 .stk-img-wrapper{height:100% !important}.stk-1cb9e43 .stk-img-wrapper img{border-radius:16px !important}<\/style><figure><span class=\"stk-img-wrapper stk-image--shape-stretch\"><img loading=\"lazy\" decoding=\"async\" class=\"stk-img wp-image-163\" src=\"https:\/\/anotherpoint.pl\/agencja-reklamowa\/wp-content\/uploads\/2024\/01\/Agencja-reklamowa-Bydgoszcz-scaled.webp\" width=\"1707\" height=\"2560\" alt=\"anotherpoint.pl - agencja reklamowa\" srcset=\"https:\/\/anotherpoint.pl\/agencja-reklamowa\/wp-content\/uploads\/2024\/01\/Agencja-reklamowa-Bydgoszcz-scaled.webp 1707w, https:\/\/anotherpoint.pl\/agencja-reklamowa\/wp-content\/uploads\/2024\/01\/Agencja-reklamowa-Bydgoszcz-200x300.webp 200w, https:\/\/anotherpoint.pl\/agencja-reklamowa\/wp-content\/uploads\/2024\/01\/Agencja-reklamowa-Bydgoszcz-683x1024.webp 683w, https:\/\/anotherpoint.pl\/agencja-reklamowa\/wp-content\/uploads\/2024\/01\/Agencja-reklamowa-Bydgoszcz-768x1152.webp 768w, https:\/\/anotherpoint.pl\/agencja-reklamowa\/wp-content\/uploads\/2024\/01\/Agencja-reklamowa-Bydgoszcz-1024x1536.webp 1024w, https:\/\/anotherpoint.pl\/agencja-reklamowa\/wp-content\/uploads\/2024\/01\/Agencja-reklamowa-Bydgoszcz-1365x2048.webp 1365w\" sizes=\"auto, (max-width: 1707px) 100vw, 1707px\" \/><\/span><\/figure><\/div>\n<\/div><\/div><\/div>\n<\/div><\/div>\n<\/div><\/div><\/div>\n<\/div><\/section>\n\n\n\n<div class=\"wp-block-stackable-columns alignfull stk-block-columns stk-block stk-f773d0a\" data-block-id=\"f773d0a\"><div class=\"stk-row stk-inner-blocks stk-block-content stk-content-align stk-f773d0a-column alignwide\">\n<div class=\"wp-block-stackable-column stk-block-column stk-column stk-block stk-94dce38\" data-v=\"4\" data-block-id=\"94dce38\"><div class=\"stk-column-wrapper stk-block-column__content stk-container stk-94dce38-container stk--no-background stk--no-padding\"><div class=\"stk-block-content stk-inner-blocks stk-94dce38-inner-blocks\">\n<div class=\"wp-block-stackable-heading stk-block-heading stk-block-heading--v2 stk-block stk-bbe4e03\" id=\"agencja-kreatywna-bydgoszcz\" data-block-id=\"bbe4e03\"><h2 class=\"stk-block-heading__text\">Agencja kreatywna Bydgoszcz<\/h2><\/div>\n\n\n\n<p>Jeste\u015bmy agencj\u0105 kreatywn\u0105 z bogatym portfolio us\u0142ug, kt\u00f3re obejmuje:<\/p>\n\n\n\n<ol class=\"wp-block-list\">\n<li><strong>Kreacja i Branding:<\/strong> Tworzymy silne, zapadaj\u0105ce w pami\u0119\u0107 marki, kt\u00f3re komunikuj\u0105 warto\u015bci i wizj\u0119 naszych klient\u00f3w. Od logotyp\u00f3w, przez identyfikacj\u0119 wizualn\u0105, po kompleksowe strategie brandingu \u2013 ka\u017cdy projekt to dla nas nowa opowie\u015b\u0107 do opowiedzenia.<\/li>\n\n\n\n<li><strong>Strategie Marketingowe:<\/strong> Rozumiemy, \u017ce ka\u017cda marka jest unikalna. Dlatego nasze strategie marketingowe s\u0105 spersonalizowane, aby odzwierciedla\u0107 indywidualne cele i potrzeby klienta, maksymalizuj\u0105c jednocze\u015bnie ich widoczno\u015b\u0107 i zasi\u0119g.<\/li>\n\n\n\n<li><strong>Digital i Social Media:<\/strong> W erze cyfrowej obecno\u015b\u0107 w Internecie jest kluczowa. Zajmujemy si\u0119 kompleksowym prowadzeniem profili marek w mediach spo\u0142eczno\u015bciowych, kampaniami PPC, SEO oraz tworzeniem anga\u017cuj\u0105cego contentu.<\/li>\n\n\n\n<li><strong>Druk i Reklama Wizualna:<\/strong> Posiadamy szerokie do\u015bwiadczenie w projektowaniu i produkcji materia\u0142\u00f3w reklamowych, od ulotek, poprzez plakaty, na outdoorowych no\u015bnikach reklamy ko\u0144cz\u0105c.<\/li>\n\n\n\n<li><strong>Eventy i PR:<\/strong> Organizujemy eventy, kt\u00f3re nie tylko przyci\u0105gaj\u0105 uwag\u0119, ale i pozostaj\u0105 w pami\u0119ci uczestnik\u00f3w. Nasze dzia\u0142ania PR s\u0105 skierowane na budowanie i utrzymywanie pozytywnego wizerunku marki.<\/li>\n<\/ol>\n\n\n\n<div class=\"wp-block-stackable-text stk-block-text stk-block stk-fa41f13\" data-block-id=\"fa41f13\"><style>.stk-fa41f13{margin-bottom:16px !important}<\/style><p class=\"stk-block-text__text\">Przyk\u0142adem naszej wszechstronnej dzia\u0142alno\u015bci jest wsp\u00f3\u0142praca z bran\u017c\u0105 dewelopersk\u0105, gdzie nasze koncepcje marketingowe i reklamowe wspiera\u0142y sprzeda\u017c luksusowych apartament\u00f3w. Realizacja projektu dla bran\u017cy FMCG zaowocowa\u0142a z kolei wzrostem rozpoznawalno\u015bci produktu i zwi\u0119kszeniem sprzeda\u017cy. Ka\u017cde z tych zlece\u0144 by\u0142o wyj\u0105tkowe, wymagaj\u0105ce indywidualnego podej\u015bcia oraz innowacyjnych rozwi\u0105za\u0144. Nasza agencja miejscem, gdzie r\u00f3\u017cne energie, charaktery i do\u015bwiadczenia \u0142\u0105cz\u0105 si\u0119, tworz\u0105c \u015bwie\u017c\u0105 i skuteczn\u0105 agencj\u0119 kreatywn\u0105. Nie ma dla nas rzeczy niemo\u017cliwych. Uwielbiamy wyzwania i jeste\u015bmy gotowi podj\u0105\u0107 si\u0119 ka\u017cdego zadania, aby Twoja marka mog\u0142a \u015bmia\u0142o podbija\u0107 \u015bwiat. Do\u0142\u0105cz do grona naszych zadowolonych klient\u00f3w i pozw\u00f3l, \u017ce zajmiemy si\u0119 Twoj\u0105 mark\u0105 od A do Z. Zapraszamy do wsp\u00f3\u0142pracy!<\/p><\/div>\n<\/div><\/div><\/div>\n<\/div><\/div>\n\n\n\n<section class=\"wp-block-stackable-columns alignfull stk-block-columns stk-block stk-f28139e\" data-block-id=\"f28139e\"><style>.stk-f28139e{margin-top:32px !important;margin-bottom:32px !important;overflow:hidden !important;clear:both !important}<\/style><div class=\"stk-row stk-inner-blocks stk-block-content stk-content-align stk-f28139e-column alignwide\">\n<div class=\"wp-block-stackable-column stk-block-column stk-column stk-block stk-9cc580f\" data-v=\"4\" data-block-id=\"9cc580f\"><style>.stk-9cc580f{overflow:visible !important}.stk-9cc580f .stk-container{overflow:visible !important}<\/style><div class=\"stk-column-wrapper stk-block-column__content stk-container stk-9cc580f-container stk--no-background stk--no-padding\"><div class=\"stk-block-content stk-inner-blocks stk-9cc580f-inner-blocks\">\n<div class=\"wp-block-stackable-heading stk-block-heading stk-block-heading--v2 stk-block stk-720be85\" id=\"skrobnij\" data-block-id=\"720be85\"><h2 class=\"stk-block-heading__text\">SKROBNIJ&#8230;<\/h2><\/div>\n\n\n<style id=\"wpforms-css-vars-23-block-70276953-bda1-4284-b45a-2e29e047deb8\">\n\t\t\t\t#wpforms-23.wpforms-block-70276953-bda1-4284-b45a-2e29e047deb8 {\n\t\t\t\t--wpforms-field-background-color: var(--theme-palette-color-8, #ffffff);\n--wpforms-field-border-color: var(--theme-palette-color-2, #feb04f);\n--wpforms-field-border-color-spare: var(--theme-palette-color-2, #feb04f);\n--wpforms-field-text-color: var(--theme-palette-color-4, #161615);\n--wpforms-label-color: var(--theme-palette-color-4, #161615);\n--wpforms-label-sublabel-color: var(--theme-palette-color-4, #161615);\n--wpforms-button-border-radius: 16px;\n--wpforms-button-background-color: var(--theme-palette-color-2, #feb04f);\n--wpforms-field-size-input-height: 50px;\n--wpforms-field-size-input-spacing: 20px;\n--wpforms-field-size-font-size: 18px;\n--wpforms-field-size-line-height: 21px;\n--wpforms-field-size-padding-h: 14px;\n--wpforms-field-size-checkbox-size: 18px;\n--wpforms-field-size-sublabel-spacing: 10px;\n--wpforms-field-size-icon-size: 1.25;\n--wpforms-label-size-font-size: 18px;\n--wpforms-label-size-line-height: 21px;\n--wpforms-label-size-sublabel-font-size: 16px;\n--wpforms-label-size-sublabel-line-height: 19px;\n--wpforms-button-size-font-size: 20px;\n--wpforms-button-size-height: 48px;\n--wpforms-button-size-padding-h: 20px;\n--wpforms-button-size-margin-top: 15px;\n\t\t\t}\n\t\t\t<\/style><div class=\"wpforms-container wpforms-container-full wpforms-block wpforms-block-70276953-bda1-4284-b45a-2e29e047deb8 wpforms-render-modern\" id=\"wpforms-23\"><form id=\"wpforms-form-23\" class=\"wpforms-validate wpforms-form wpforms-ajax-form\" data-formid=\"23\" method=\"post\" enctype=\"multipart\/form-data\" action=\"\/agencja-reklamowa\/wp-json\/wp\/v2\/pages\/161\" data-token=\"0049997b07b7d5c55c34c8e20cc7920f\" data-token-time=\"1775733347\"><noscript class=\"wpforms-error-noscript\">Aby wype\u0142ni\u0107 ten formularz, w\u0142\u0105cz obs\u0142ug\u0119 JavaScript w przegl\u0105darce.<\/noscript><div id=\"wpforms-error-noscript\" style=\"display: none;\">Aby wype\u0142ni\u0107 ten formularz, w\u0142\u0105cz obs\u0142ug\u0119 JavaScript w przegl\u0105darce.<\/div><div class=\"wpforms-field-container\"><div id=\"wpforms-23-field_4-container\" class=\"wpforms-field wpforms-field-name wpforms-one-half wpforms-first\" data-field-id=\"4\"><label class=\"wpforms-field-label wpforms-label-hide\" for=\"wpforms-23-field_4\" aria-hidden=\"false\">Imi\u0119 i nazwisko <span class=\"wpforms-required-label\" aria-hidden=\"true\">*<\/span><\/label><input type=\"text\" id=\"wpforms-23-field_4\" class=\"wpforms-field-large wpforms-field-required\" name=\"wpforms[fields][4]\" placeholder=\"Imi\u0119 i nazwisko\" aria-errormessage=\"wpforms-23-field_4-error\" required><\/div><div id=\"wpforms-23-field_6-container\" class=\"wpforms-field wpforms-field-email wpforms-one-half\" data-field-id=\"6\"><label class=\"wpforms-field-label wpforms-label-hide\" for=\"wpforms-23-field_6\" aria-hidden=\"false\">Adres e-mail <span class=\"wpforms-required-label\" aria-hidden=\"true\">*<\/span><\/label><input type=\"email\" id=\"wpforms-23-field_6\" class=\"wpforms-field-large wpforms-field-required\" name=\"wpforms[fields][6]\" placeholder=\"Adres e-mail\" spellcheck=\"false\" aria-errormessage=\"wpforms-23-field_6-error\" required><\/div><div id=\"wpforms-23-field_2-container\" class=\"wpforms-field wpforms-field-textarea\" data-field-id=\"2\"><label class=\"wpforms-field-label wpforms-label-hide\" for=\"wpforms-23-field_2\" aria-hidden=\"false\">Wiadomo\u015b\u0107<\/label><textarea id=\"wpforms-23-field_2\" class=\"wpforms-field-medium\" name=\"wpforms[fields][2]\" placeholder=\"Trzy s\u0142\u00f3wka o Twoim projekcie\" aria-errormessage=\"wpforms-23-field_2-error\" ><\/textarea><\/div><\/div><!-- .wpforms-field-container --><div class=\"wpforms-submit-container\" ><input type=\"hidden\" name=\"wpforms[id]\" value=\"23\"><input type=\"hidden\" name=\"page_title\" value=\"\"><input type=\"hidden\" name=\"page_url\" value=\"https:\/\/anotherpoint.pl\/agencja-reklamowa\/wp-json\/wp\/v2\/pages\/161\"><input type=\"hidden\" name=\"url_referer\" value=\"\"><button type=\"submit\" name=\"wpforms[submit]\" id=\"wpforms-submit-23\" class=\"wpforms-submit\" data-alt-text=\"Wysy\u0142anie...\" data-submit-text=\"Prze\u015blij\" aria-live=\"assertive\" value=\"wpforms-submit\">Prze\u015blij<\/button><img loading=\"lazy\" decoding=\"async\" src=\"https:\/\/anotherpoint.pl\/agencja-reklamowa\/wp-content\/plugins\/wpforms-lite\/assets\/images\/submit-spin.svg\" class=\"wpforms-submit-spinner\" style=\"display: none;\" width=\"26\" height=\"26\" alt=\"Wczytywanie\"><\/div><\/form><\/div>  <!-- .wpforms-container --><\/div><\/div><\/div>\n\n\n\n<div class=\"wp-block-stackable-column stk-block-column stk-column stk-block stk-36578fe\" data-v=\"4\" data-block-id=\"36578fe\"><div class=\"stk-column-wrapper stk-block-column__content stk-container stk-36578fe-container stk--no-background stk--no-padding\"><div class=\"stk-block-content stk-inner-blocks stk-36578fe-inner-blocks\">\n<iframe src=\"https:\/\/www.google.com\/maps\/embed?pb=!1m18!1m12!1m3!1d153224.76473202556!2d18.0381824!3d53.12568715!2m3!1f0!2f0!3f0!3m2!1i1024!2i768!4f13.1!3m3!1m2!1s0x47031386764ebd6f%3A0xe49ee48c4b65f30e!2sBydgoszcz!5e0!3m2!1spl!2spl!4v1706005149831!5m2!1spl!2spl\" width=\"100%\" height=\"450\" style=\"border:0;\" allowfullscreen=\"\" loading=\"lazy\" referrerpolicy=\"no-referrer-when-downgrade\"><\/iframe>\n<\/div><\/div><\/div>\n<\/div><\/section>\n","protected":false},"excerpt":{"rendered":"<p>Agencja reklamowa Bydgoszcz Witamy na stronie agencji reklamowej Another Point, agencji kt\u00f3ra wyznacza nowe standardy w kreacji i wsparciu dynamicznych marek. Nasze podej\u015bcie do reklamy i marketingu opiera si\u0119 na innowacyjno\u015bci, kreatywno\u015bci i kompleksowej obs\u0142udze. Z ponad 13-letnim do\u015bwiadczeniem na rynku reklamowym, nasza agencja reklamowa wyros\u0142a na lidera w bran\u017cy, obs\u0142uguj\u0105c ponad 220 projekt\u00f3w dla [&hellip;]<\/p>\n","protected":false},"author":1,"featured_media":0,"parent":0,"menu_order":0,"comment_status":"closed","ping_status":"closed","template":"","meta":{"footnotes":""},"class_list":["post-161","page","type-page","status-publish","hentry"],"blocksy_meta":{"has_hero_section":"disabled","styles_descriptor":{"styles":{"desktop":"","tablet":"","mobile":""},"google_fonts":[],"version":6}},"aioseo_notices":[],"_links":{"self":[{"href":"https:\/\/anotherpoint.pl\/agencja-reklamowa\/wp-json\/wp\/v2\/pages\/161","targetHints":{"allow":["GET"]}}],"collection":[{"href":"https:\/\/anotherpoint.pl\/agencja-reklamowa\/wp-json\/wp\/v2\/pages"}],"about":[{"href":"https:\/\/anotherpoint.pl\/agencja-reklamowa\/wp-json\/wp\/v2\/types\/page"}],"author":[{"embeddable":true,"href":"https:\/\/anotherpoint.pl\/agencja-reklamowa\/wp-json\/wp\/v2\/users\/1"}],"replies":[{"embeddable":true,"href":"https:\/\/anotherpoint.pl\/agencja-reklamowa\/wp-json\/wp\/v2\/comments?post=161"}],"version-history":[{"count":7,"href":"https:\/\/anotherpoint.pl\/agencja-reklamowa\/wp-json\/wp\/v2\/pages\/161\/revisions"}],"predecessor-version":[{"id":169,"href":"https:\/\/anotherpoint.pl\/agencja-reklamowa\/wp-json\/wp\/v2\/pages\/161\/revisions\/169"}],"wp:attachment":[{"href":"https:\/\/anotherpoint.pl\/agencja-reklamowa\/wp-json\/wp\/v2\/media?parent=161"}],"curies":[{"name":"wp","href":"https:\/\/api.w.org\/{rel}","templated":true}]}}